{"id":9,"date":"2021-12-01T13:12:18","date_gmt":"2021-12-01T13:12:18","guid":{"rendered":"https:\/\/fecht-hut.de\/wordpress\/?page_id=9"},"modified":"2023-01-03T17:12:54","modified_gmt":"2023-01-03T17:12:54","slug":"waffen","status":"publish","type":"page","link":"https:\/\/fecht-hut.de\/?page_id=9","title":{"rendered":"Waffen"},"content":{"rendered":"\n<p class=\"has-luminous-vivid-amber-color has-text-color\">Das gesamte Fecht-Hut Programm; <br>Von Buckler und den passenden Waffen bis zur Selbstverteidigung Bartitsu.<br>Ein Klick aufs Bild gen\u00fcgt und schon k\u00f6nnen Sie mehr \u00fcber die einzelnen Waffen erfahren.<br><br>Buckler und Schwert &#8211;>     <a href=\"https:\/\/fecht-hut.de\/?page_id=14\" target=\"_blank\" rel=\"noreferrer noopener\"><img loading=\"lazy\" decoding=\"async\" width=\"150\" height=\"112\" class=\"wp-image-63\" style=\"width: 150px;\" src=\"https:\/\/fecht-hut.de\/wordpress\/wp-content\/uploads\/2021\/12\/bukler__schwert_1_20130218_1992130603.jpg\" alt=\"Buckler und Schwert\" srcset=\"https:\/\/fecht-hut.de\/wordpress\/wp-content\/uploads\/2021\/12\/bukler__schwert_1_20130218_1992130603.jpg 900w, https:\/\/fecht-hut.de\/wordpress\/wp-content\/uploads\/2021\/12\/bukler__schwert_1_20130218_1992130603-300x225.jpg 300w, https:\/\/fecht-hut.de\/wordpress\/wp-content\/uploads\/2021\/12\/bukler__schwert_1_20130218_1992130603-768x575.jpg 768w\" sizes=\"auto, (max-width: 150px) 100vw, 150px\" \/><\/a><\/p>\n\n\n\n<p class=\"has-luminous-vivid-amber-color has-text-color\">Scheibendolch      &#8212;&gt;       <a href=\"https:\/\/fecht-hut.de\/?page_id=15\" target=\"_blank\" rel=\"noreferrer noopener\"><img loading=\"lazy\" decoding=\"async\" width=\"150\" height=\"113\" class=\"wp-image-83\" style=\"width: 150px;\" src=\"https:\/\/fecht-hut.de\/wordpress\/wp-content\/uploads\/2021\/12\/DSCF0866-scaled.jpg\" alt=\"Scheibendolch\" srcset=\"https:\/\/fecht-hut.de\/wordpress\/wp-content\/uploads\/2021\/12\/DSCF0866-scaled.jpg 2560w, https:\/\/fecht-hut.de\/wordpress\/wp-content\/uploads\/2021\/12\/DSCF0866-300x225.jpg 300w, https:\/\/fecht-hut.de\/wordpress\/wp-content\/uploads\/2021\/12\/DSCF0866-1024x768.jpg 1024w, https:\/\/fecht-hut.de\/wordpress\/wp-content\/uploads\/2021\/12\/DSCF0866-768x576.jpg 768w, https:\/\/fecht-hut.de\/wordpress\/wp-content\/uploads\/2021\/12\/DSCF0866-1536x1152.jpg 1536w, https:\/\/fecht-hut.de\/wordpress\/wp-content\/uploads\/2021\/12\/DSCF0866-2048x1536.jpg 2048w\" sizes=\"auto, (max-width: 150px) 100vw, 150px\" \/><\/a><\/p>\n\n\n\n<p class=\"has-luminous-vivid-amber-color has-text-color\">Langes Schwert   &#8212;&gt;        <a href=\"https:\/\/fecht-hut.de\/?page_id=16\" target=\"_blank\" rel=\"noreferrer noopener\"><img loading=\"lazy\" decoding=\"async\" width=\"150\" height=\"113\" class=\"wp-image-483\" style=\"width: 150px;\" src=\"https:\/\/fecht-hut.de\/wordpress\/wp-content\/uploads\/2022\/09\/Knaufstoss-langes-Schwert-scaled.jpg\" alt=\"\" srcset=\"https:\/\/fecht-hut.de\/wordpress\/wp-content\/uploads\/2022\/09\/Knaufstoss-langes-Schwert-scaled.jpg 2560w, https:\/\/fecht-hut.de\/wordpress\/wp-content\/uploads\/2022\/09\/Knaufstoss-langes-Schwert-300x225.jpg 300w, https:\/\/fecht-hut.de\/wordpress\/wp-content\/uploads\/2022\/09\/Knaufstoss-langes-Schwert-1024x768.jpg 1024w, https:\/\/fecht-hut.de\/wordpress\/wp-content\/uploads\/2022\/09\/Knaufstoss-langes-Schwert-768x576.jpg 768w, https:\/\/fecht-hut.de\/wordpress\/wp-content\/uploads\/2022\/09\/Knaufstoss-langes-Schwert-1536x1152.jpg 1536w, https:\/\/fecht-hut.de\/wordpress\/wp-content\/uploads\/2022\/09\/Knaufstoss-langes-Schwert-2048x1536.jpg 2048w\" sizes=\"auto, (max-width: 150px) 100vw, 150px\" \/><\/a><\/p>\n\n\n\n<p class=\"has-luminous-vivid-amber-color has-text-color\">Langes Messer  &#8212;&gt;         <a href=\"https:\/\/fecht-hut.de\/?page_id=17\" target=\"_blank\" rel=\"noreferrer noopener\"><img loading=\"lazy\" decoding=\"async\" width=\"150\" height=\"149\" class=\"wp-image-74\" style=\"width: 150px;\" src=\"https:\/\/fecht-hut.de\/wordpress\/wp-content\/uploads\/2021\/12\/IMG_1886-scaled.jpg\" alt=\"langes Messer\" srcset=\"https:\/\/fecht-hut.de\/wordpress\/wp-content\/uploads\/2021\/12\/IMG_1886-scaled.jpg 2560w, https:\/\/fecht-hut.de\/wordpress\/wp-content\/uploads\/2021\/12\/IMG_1886-300x297.jpg 300w, https:\/\/fecht-hut.de\/wordpress\/wp-content\/uploads\/2021\/12\/IMG_1886-1024x1014.jpg 1024w, https:\/\/fecht-hut.de\/wordpress\/wp-content\/uploads\/2021\/12\/IMG_1886-150x150.jpg 150w, https:\/\/fecht-hut.de\/wordpress\/wp-content\/uploads\/2021\/12\/IMG_1886-768x761.jpg 768w, https:\/\/fecht-hut.de\/wordpress\/wp-content\/uploads\/2021\/12\/IMG_1886-1536x1522.jpg 1536w, https:\/\/fecht-hut.de\/wordpress\/wp-content\/uploads\/2021\/12\/IMG_1886-2048x2029.jpg 2048w\" sizes=\"auto, (max-width: 150px) 100vw, 150px\" \/><\/a> <\/p>\n\n\n\n<p class=\"has-luminous-vivid-amber-color has-text-color\"> Mordaxt          &#8212;&gt;                    <a href=\"https:\/\/fecht-hut.de\/?page_id=18\" target=\"_blank\" rel=\"noreferrer noopener\"><img loading=\"lazy\" decoding=\"async\" width=\"150\" height=\"186\" class=\"wp-image-492\" style=\"width: 150px;\" src=\"https:\/\/fecht-hut.de\/wordpress\/wp-content\/uploads\/2022\/09\/Gegenhebel-bei-der-Mordaxt-1-scaled.jpg\" alt=\"Mordaxt\" srcset=\"https:\/\/fecht-hut.de\/wordpress\/wp-content\/uploads\/2022\/09\/Gegenhebel-bei-der-Mordaxt-1-scaled.jpg 2063w, https:\/\/fecht-hut.de\/wordpress\/wp-content\/uploads\/2022\/09\/Gegenhebel-bei-der-Mordaxt-1-242x300.jpg 242w, https:\/\/fecht-hut.de\/wordpress\/wp-content\/uploads\/2022\/09\/Gegenhebel-bei-der-Mordaxt-1-825x1024.jpg 825w, https:\/\/fecht-hut.de\/wordpress\/wp-content\/uploads\/2022\/09\/Gegenhebel-bei-der-Mordaxt-1-768x953.jpg 768w, https:\/\/fecht-hut.de\/wordpress\/wp-content\/uploads\/2022\/09\/Gegenhebel-bei-der-Mordaxt-1-1238x1536.jpg 1238w, https:\/\/fecht-hut.de\/wordpress\/wp-content\/uploads\/2022\/09\/Gegenhebel-bei-der-Mordaxt-1-1650x2048.jpg 1650w\" sizes=\"auto, (max-width: 150px) 100vw, 150px\" \/><\/a> <\/p>\n\n\n\n<p class=\"has-luminous-vivid-amber-color has-text-color\">Rapier     &#8212;&gt;       <a href=\"https:\/\/fecht-hut.de\/?page_id=19\" target=\"_blank\" rel=\"noreferrer noopener\"><img loading=\"lazy\" decoding=\"async\" width=\"150\" height=\"107\" class=\"wp-image-189\" style=\"width: 150px;\" src=\"https:\/\/fecht-hut.de\/wordpress\/wp-content\/uploads\/2021\/12\/DSCF0461.jpg\" alt=\"Rapier\" srcset=\"https:\/\/fecht-hut.de\/wordpress\/wp-content\/uploads\/2021\/12\/DSCF0461.jpg 1312w, https:\/\/fecht-hut.de\/wordpress\/wp-content\/uploads\/2021\/12\/DSCF0461-300x214.jpg 300w, https:\/\/fecht-hut.de\/wordpress\/wp-content\/uploads\/2021\/12\/DSCF0461-1024x731.jpg 1024w, https:\/\/fecht-hut.de\/wordpress\/wp-content\/uploads\/2021\/12\/DSCF0461-768x548.jpg 768w\" sizes=\"auto, (max-width: 150px) 100vw, 150px\" \/><\/a> <\/p>\n\n\n\n<p class=\"has-luminous-vivid-amber-color has-text-color\">Hofdegen   &#8212;&gt; <a href=\"https:\/\/fecht-hut.de\/?page_id=20\" target=\"_blank\" rel=\"noreferrer noopener\"><img loading=\"lazy\" decoding=\"async\" width=\"150\" height=\"90\" class=\"wp-image-496\" style=\"width: 150px;\" src=\"https:\/\/fecht-hut.de\/wordpress\/wp-content\/uploads\/2022\/09\/37076050_2111685499073449_3371646080088276992_n.jpg\" alt=\"Hofdegen\" srcset=\"https:\/\/fecht-hut.de\/wordpress\/wp-content\/uploads\/2022\/09\/37076050_2111685499073449_3371646080088276992_n.jpg 960w, https:\/\/fecht-hut.de\/wordpress\/wp-content\/uploads\/2022\/09\/37076050_2111685499073449_3371646080088276992_n-300x180.jpg 300w, https:\/\/fecht-hut.de\/wordpress\/wp-content\/uploads\/2022\/09\/37076050_2111685499073449_3371646080088276992_n-768x461.jpg 768w\" sizes=\"auto, (max-width: 150px) 100vw, 150px\" \/><\/a> <\/p>\n\n\n\n<p class=\"has-luminous-vivid-amber-color has-text-color\">S\u00e4bel   &#8212;&gt; <a href=\"https:\/\/fecht-hut.de\/?page_id=21\" target=\"_blank\" rel=\"noreferrer noopener\"><img loading=\"lazy\" decoding=\"async\" width=\"150\" height=\"99\" class=\"wp-image-86\" style=\"width: 150px;\" src=\"https:\/\/fecht-hut.de\/wordpress\/wp-content\/uploads\/2021\/12\/saebel_2_1_20180308_1243396574.jpg\" alt=\"\" srcset=\"https:\/\/fecht-hut.de\/wordpress\/wp-content\/uploads\/2021\/12\/saebel_2_1_20180308_1243396574.jpg 900w, https:\/\/fecht-hut.de\/wordpress\/wp-content\/uploads\/2021\/12\/saebel_2_1_20180308_1243396574-300x198.jpg 300w, https:\/\/fecht-hut.de\/wordpress\/wp-content\/uploads\/2021\/12\/saebel_2_1_20180308_1243396574-768x508.jpg 768w\" sizes=\"auto, (max-width: 150px) 100vw, 150px\" \/><\/a><\/p>\n\n\n\n<p class=\"has-luminous-vivid-amber-color has-text-color\">Bartitsu   &#8212;&gt;   <a href=\"https:\/\/fecht-hut.de\/?page_id=22\" target=\"_blank\" rel=\"noreferrer noopener\"><img loading=\"lazy\" decoding=\"async\" width=\"150\" height=\"100\" class=\"wp-image-114\" style=\"width: 150px;\" src=\"https:\/\/fecht-hut.de\/wordpress\/wp-content\/uploads\/2021\/12\/Bartitsu_IMG_0429.jpg\" alt=\"Bartitsu\" srcset=\"https:\/\/fecht-hut.de\/wordpress\/wp-content\/uploads\/2021\/12\/Bartitsu_IMG_0429.jpg 2136w, https:\/\/fecht-hut.de\/wordpress\/wp-content\/uploads\/2021\/12\/Bartitsu_IMG_0429-300x200.jpg 300w, https:\/\/fecht-hut.de\/wordpress\/wp-content\/uploads\/2021\/12\/Bartitsu_IMG_0429-1024x683.jpg 1024w, https:\/\/fecht-hut.de\/wordpress\/wp-content\/uploads\/2021\/12\/Bartitsu_IMG_0429-768x512.jpg 768w, https:\/\/fecht-hut.de\/wordpress\/wp-content\/uploads\/2021\/12\/Bartitsu_IMG_0429-1536x1024.jpg 1536w, https:\/\/fecht-hut.de\/wordpress\/wp-content\/uploads\/2021\/12\/Bartitsu_IMG_0429-2048x1365.jpg 2048w\" sizes=\"auto, (max-width: 150px) 100vw, 150px\" \/><\/a><\/p>\n\n\n\n<p class=\"has-luminous-vivid-amber-color has-text-color\">Suchen Sie sich einfach die interessantesten Waffen aus dem Fecht-Hut Programm aus, scrollen Sie. schauen und lesen Sie nach und wenn Sie das Fechten dann selbst erleben wollen,<br>schreiben Sie den Hut unverbindlich an.  ingo@fecht-hut.de <\/p>\n\n\n\n<p><br><\/p>\n","protected":false},"excerpt":{"rendered":"<p>Das gesamte Fecht-Hut Programm; Von Buckler und den passenden Waffen bis zur Selbstverteidigung Bartitsu.Ein Klick aufs Bild gen\u00fcgt und schon k\u00f6nnen Sie mehr \u00fcber die einzelnen Waffen erfahren.Buckler und Schwert &#8211;> Scheibendolch &#8212;&gt; Langes Schwert &#8212;&gt; Langes Messer &#8212;&gt; Mordaxt &#8212;&gt; Rapier &#8212;&gt; Hofdegen &#8212;&gt; S\u00e4bel &#8212;&gt; Bartitsu &#8212;&gt; Suchen Sie sich einfach die interessantesten&#8230; <\/p>\n<div class=\"read-more navbutton\"><a href=\"https:\/\/fecht-hut.de\/?page_id=9\">Read More<i class=\"fa fa-angle-double-right\"><\/i><\/a><\/div>\n","protected":false},"author":1,"featured_media":0,"parent":0,"menu_order":0,"comment_status":"closed","ping_status":"closed","template":"","meta":{"footnotes":""},"class_list":["post-9","page","type-page","status-publish","hentry"],"yoast_head":"<!-- This site is optimized with the Yoast SEO plugin v27.4 - https:\/\/yoast.com\/product\/yoast-seo-wordpress\/ -->\n<title>Das gesamte Fecht-Hut Programm Waffen - Fecht-Hut<\/title>\n<meta name=\"description\" content=\"Das gesamte Fecht-Hut Programm, von Buckler bis S\u00e4bel und zur Selbstverteidigung Bartitsu werden hier alle Waffen gezeigt.\" \/>\n<meta name=\"robots\" content=\"index, follow, max-snippet:-1, max-image-preview:large, max-video-preview:-1\" \/>\n<link rel=\"canonical\" href=\"https:\/\/fecht-hut.de\/?page_id=9\" \/>\n<meta property=\"og:locale\" content=\"de_DE\" \/>\n<meta property=\"og:type\" content=\"article\" \/>\n<meta property=\"og:title\" content=\"Das gesamte Fecht-Hut Programm Waffen - Fecht-Hut\" \/>\n<meta property=\"og:description\" content=\"Das gesamte Fecht-Hut Programm, von Buckler bis S\u00e4bel und zur Selbstverteidigung Bartitsu werden hier alle Waffen gezeigt.\" \/>\n<meta property=\"og:url\" content=\"https:\/\/fecht-hut.de\/?page_id=9\" \/>\n<meta property=\"og:site_name\" content=\"Fecht-Hut\" \/>\n<meta property=\"article:modified_time\" content=\"2023-01-03T17:12:54+00:00\" \/>\n<meta property=\"og:image\" content=\"https:\/\/fecht-hut.de\/wordpress\/wp-content\/uploads\/2021\/12\/bukler__schwert_1_20130218_1992130603.jpg\" \/>\n<meta name=\"twitter:card\" content=\"summary_large_image\" \/>\n<meta name=\"twitter:label1\" content=\"Gesch\u00e4tzte Lesezeit\" \/>\n\t<meta name=\"twitter:data1\" content=\"3\u00a0Minuten\" \/>\n<script type=\"application\/ld+json\" class=\"yoast-schema-graph\">{\"@context\":\"https:\\\/\\\/schema.org\",\"@graph\":[{\"@type\":\"WebPage\",\"@id\":\"https:\\\/\\\/fecht-hut.de\\\/?page_id=9\",\"url\":\"https:\\\/\\\/fecht-hut.de\\\/?page_id=9\",\"name\":\"Das gesamte Fecht-Hut Programm Waffen - Fecht-Hut\",\"isPartOf\":{\"@id\":\"https:\\\/\\\/fecht-hut.de\\\/#website\"},\"primaryImageOfPage\":{\"@id\":\"https:\\\/\\\/fecht-hut.de\\\/?page_id=9#primaryimage\"},\"image\":{\"@id\":\"https:\\\/\\\/fecht-hut.de\\\/?page_id=9#primaryimage\"},\"thumbnailUrl\":\"https:\\\/\\\/fecht-hut.de\\\/wordpress\\\/wp-content\\\/uploads\\\/2021\\\/12\\\/bukler__schwert_1_20130218_1992130603.jpg\",\"datePublished\":\"2021-12-01T13:12:18+00:00\",\"dateModified\":\"2023-01-03T17:12:54+00:00\",\"description\":\"Das gesamte Fecht-Hut Programm, von Buckler bis S\u00e4bel und zur Selbstverteidigung Bartitsu werden hier alle Waffen gezeigt.\",\"breadcrumb\":{\"@id\":\"https:\\\/\\\/fecht-hut.de\\\/?page_id=9#breadcrumb\"},\"inLanguage\":\"de\",\"potentialAction\":[{\"@type\":\"ReadAction\",\"target\":[\"https:\\\/\\\/fecht-hut.de\\\/?page_id=9\"]}]},{\"@type\":\"ImageObject\",\"inLanguage\":\"de\",\"@id\":\"https:\\\/\\\/fecht-hut.de\\\/?page_id=9#primaryimage\",\"url\":\"https:\\\/\\\/fecht-hut.de\\\/wordpress\\\/wp-content\\\/uploads\\\/2021\\\/12\\\/bukler__schwert_1_20130218_1992130603.jpg\",\"contentUrl\":\"https:\\\/\\\/fecht-hut.de\\\/wordpress\\\/wp-content\\\/uploads\\\/2021\\\/12\\\/bukler__schwert_1_20130218_1992130603.jpg\",\"width\":900,\"height\":674,\"caption\":\"Buckler und Schwert\"},{\"@type\":\"BreadcrumbList\",\"@id\":\"https:\\\/\\\/fecht-hut.de\\\/?page_id=9#breadcrumb\",\"itemListElement\":[{\"@type\":\"ListItem\",\"position\":1,\"name\":\"Startseite\",\"item\":\"https:\\\/\\\/fecht-hut.de\\\/\"},{\"@type\":\"ListItem\",\"position\":2,\"name\":\"Waffen\"}]},{\"@type\":\"WebSite\",\"@id\":\"https:\\\/\\\/fecht-hut.de\\\/#website\",\"url\":\"https:\\\/\\\/fecht-hut.de\\\/\",\"name\":\"Fecht-Hut\",\"description\":\"\",\"potentialAction\":[{\"@type\":\"SearchAction\",\"target\":{\"@type\":\"EntryPoint\",\"urlTemplate\":\"https:\\\/\\\/fecht-hut.de\\\/?s={search_term_string}\"},\"query-input\":{\"@type\":\"PropertyValueSpecification\",\"valueRequired\":true,\"valueName\":\"search_term_string\"}}],\"inLanguage\":\"de\"}]}<\/script>\n<!-- \/ Yoast SEO plugin. -->","yoast_head_json":{"title":"Das gesamte Fecht-Hut Programm Waffen - Fecht-Hut","description":"Das gesamte Fecht-Hut Programm, von Buckler bis S\u00e4bel und zur Selbstverteidigung Bartitsu werden hier alle Waffen gezeigt.","robots":{"index":"index","follow":"follow","max-snippet":"max-snippet:-1","max-image-preview":"max-image-preview:large","max-video-preview":"max-video-preview:-1"},"canonical":"https:\/\/fecht-hut.de\/?page_id=9","og_locale":"de_DE","og_type":"article","og_title":"Das gesamte Fecht-Hut Programm Waffen - Fecht-Hut","og_description":"Das gesamte Fecht-Hut Programm, von Buckler bis S\u00e4bel und zur Selbstverteidigung Bartitsu werden hier alle Waffen gezeigt.","og_url":"https:\/\/fecht-hut.de\/?page_id=9","og_site_name":"Fecht-Hut","article_modified_time":"2023-01-03T17:12:54+00:00","og_image":[{"url":"https:\/\/fecht-hut.de\/wordpress\/wp-content\/uploads\/2021\/12\/bukler__schwert_1_20130218_1992130603.jpg","type":"","width":"","height":""}],"twitter_card":"summary_large_image","twitter_misc":{"Gesch\u00e4tzte Lesezeit":"3\u00a0Minuten"},"schema":{"@context":"https:\/\/schema.org","@graph":[{"@type":"WebPage","@id":"https:\/\/fecht-hut.de\/?page_id=9","url":"https:\/\/fecht-hut.de\/?page_id=9","name":"Das gesamte Fecht-Hut Programm Waffen - Fecht-Hut","isPartOf":{"@id":"https:\/\/fecht-hut.de\/#website"},"primaryImageOfPage":{"@id":"https:\/\/fecht-hut.de\/?page_id=9#primaryimage"},"image":{"@id":"https:\/\/fecht-hut.de\/?page_id=9#primaryimage"},"thumbnailUrl":"https:\/\/fecht-hut.de\/wordpress\/wp-content\/uploads\/2021\/12\/bukler__schwert_1_20130218_1992130603.jpg","datePublished":"2021-12-01T13:12:18+00:00","dateModified":"2023-01-03T17:12:54+00:00","description":"Das gesamte Fecht-Hut Programm, von Buckler bis S\u00e4bel und zur Selbstverteidigung Bartitsu werden hier alle Waffen gezeigt.","breadcrumb":{"@id":"https:\/\/fecht-hut.de\/?page_id=9#breadcrumb"},"inLanguage":"de","potentialAction":[{"@type":"ReadAction","target":["https:\/\/fecht-hut.de\/?page_id=9"]}]},{"@type":"ImageObject","inLanguage":"de","@id":"https:\/\/fecht-hut.de\/?page_id=9#primaryimage","url":"https:\/\/fecht-hut.de\/wordpress\/wp-content\/uploads\/2021\/12\/bukler__schwert_1_20130218_1992130603.jpg","contentUrl":"https:\/\/fecht-hut.de\/wordpress\/wp-content\/uploads\/2021\/12\/bukler__schwert_1_20130218_1992130603.jpg","width":900,"height":674,"caption":"Buckler und Schwert"},{"@type":"BreadcrumbList","@id":"https:\/\/fecht-hut.de\/?page_id=9#breadcrumb","itemListElement":[{"@type":"ListItem","position":1,"name":"Startseite","item":"https:\/\/fecht-hut.de\/"},{"@type":"ListItem","position":2,"name":"Waffen"}]},{"@type":"WebSite","@id":"https:\/\/fecht-hut.de\/#website","url":"https:\/\/fecht-hut.de\/","name":"Fecht-Hut","description":"","potentialAction":[{"@type":"SearchAction","target":{"@type":"EntryPoint","urlTemplate":"https:\/\/fecht-hut.de\/?s={search_term_string}"},"query-input":{"@type":"PropertyValueSpecification","valueRequired":true,"valueName":"search_term_string"}}],"inLanguage":"de"}]}},"_links":{"self":[{"href":"https:\/\/fecht-hut.de\/index.php?rest_route=\/wp\/v2\/pages\/9","targetHints":{"allow":["GET"]}}],"collection":[{"href":"https:\/\/fecht-hut.de\/index.php?rest_route=\/wp\/v2\/pages"}],"about":[{"href":"https:\/\/fecht-hut.de\/index.php?rest_route=\/wp\/v2\/types\/page"}],"author":[{"embeddable":true,"href":"https:\/\/fecht-hut.de\/index.php?rest_route=\/wp\/v2\/users\/1"}],"replies":[{"embeddable":true,"href":"https:\/\/fecht-hut.de\/index.php?rest_route=%2Fwp%2Fv2%2Fcomments&post=9"}],"version-history":[{"count":11,"href":"https:\/\/fecht-hut.de\/index.php?rest_route=\/wp\/v2\/pages\/9\/revisions"}],"predecessor-version":[{"id":816,"href":"https:\/\/fecht-hut.de\/index.php?rest_route=\/wp\/v2\/pages\/9\/revisions\/816"}],"wp:attachment":[{"href":"https:\/\/fecht-hut.de\/index.php?rest_route=%2Fwp%2Fv2%2Fmedia&parent=9"}],"curies":[{"name":"wp","href":"https:\/\/api.w.org\/{rel}","templated":true}]}}