{"id":22,"date":"2021-12-01T13:12:18","date_gmt":"2021-12-01T13:12:18","guid":{"rendered":"https:\/\/fecht-hut.de\/wordpress\/?page_id=22"},"modified":"2025-09-06T09:36:51","modified_gmt":"2025-09-06T09:36:51","slug":"bartitsu","status":"publish","type":"page","link":"https:\/\/fecht-hut.de\/?page_id=22","title":{"rendered":"Bartitsu"},"content":{"rendered":"\n<p class=\"has-medium-font-size\"><mark style=\"background-color:rgba(0, 0, 0, 0)\" class=\"has-inline-color has-luminous-vivid-amber-color\">Nein, Bartitsu ist keine entbl\u00f6\u00dfte Schmuddel-bar an der Ecke. <\/mark><br><mark style=\"background-color:rgba(0, 0, 0, 0)\" class=\"has-inline-color has-luminous-vivid-amber-color\">Bartitsu ist <strong>die<\/strong> neue Selbstverteidigung <\/mark><br><mark style=\"background-color:rgba(0, 0, 0, 0)\" class=\"has-inline-color has-luminous-vivid-amber-color\">So hie\u00df es 1899 in London. <\/mark><br><mark style=\"background-color:rgba(0, 0, 0, 0)\" class=\"has-inline-color has-luminous-vivid-amber-color\">Also zumindest im Pears Magazine hie\u00df es das f\u00fcr die lesefreudigen Ladies und Gentlemen. <\/mark><br><\/p>\n\n\n\n<p class=\"has-medium-font-size\"><br> <img loading=\"lazy\" decoding=\"async\" width=\"150\" height=\"180\" class=\"wp-image-60\" style=\"width: 150px;\" src=\"http:\/\/fecht-hut.de\/wordpress\/wp-content\/uploads\/2021\/12\/e-w-barton-wright_1_20210129_1247405026.jpg\" alt=\"\"> <br><br><mark style=\"background-color:rgba(0, 0, 0, 0)\" class=\"has-inline-color has-luminous-vivid-amber-color\">Edward&nbsp; William Barton-Wright hat diese Selbstverteidigung auf seinen Reisen gemischt extra f\u00fcr Ladies and Gentlemen mitgebracht. <\/mark><br><mark style=\"background-color:rgba(0, 0, 0, 0)\" class=\"has-inline-color has-luminous-vivid-amber-color\">Er war dabei immerhin \u00fcber Indien bis \u00c4gypten und schlie\u00dflich nach Japan gekommen. <br>In den Salons und bei Schauk\u00e4mpfen hat er seine Kunst vorgef\u00fchrt und dann auf die Stra\u00dfe geschickt.<br><\/mark><br><mark style=\"background-color:rgba(0, 0, 0, 0)\" class=\"has-inline-color has-luminous-vivid-amber-color\">Mit f\u00fcnf verschiedenen Kampfk\u00fcnsten, wie;<br>Spazierstockfechten,Scientific-Boxing, Savate, Ringen und Jiu Jitsu <\/mark><br><mark style=\"background-color:rgba(0, 0, 0, 0)\" class=\"has-inline-color has-luminous-vivid-amber-color\">hat er einen recht wehrhaften Cocktail anger\u00fchrt.<br><\/mark><br><mark style=\"background-color:rgba(0, 0, 0, 0)\" class=\"has-inline-color has-luminous-vivid-amber-color\">Er hatte Erfolg.<\/mark><br><mark style=\"background-color:rgba(0, 0, 0, 0)\" class=\"has-inline-color has-luminous-vivid-amber-color\">Bartitsu war die neue Selbstverteidigung f\u00fcr Ladies and Gentlemen hie\u00df es 1902.<\/mark><br><mark style=\"background-color:rgba(0, 0, 0, 0)\" class=\"has-inline-color has-luminous-vivid-amber-color\">Man kannte seinen Namen, man kam ins Training und dann&#8230; <\/mark><br><br><mark style=\"background-color:rgba(0, 0, 0, 0)\" class=\"has-inline-color has-luminous-vivid-amber-color\">Schweigen.<\/mark><\/p>\n\n\n\n<p class=\"has-medium-font-size\"><mark style=\"background-color:rgba(0, 0, 0, 0)\" class=\"has-inline-color has-luminous-vivid-amber-color\">Fast 100 Jahre lang war diese Selbstverteidigung vergessen.<\/mark><\/p>\n\n\n\n<p class=\"has-medium-font-size\"><mark style=\"background-color:rgba(0, 0, 0, 0)\" class=\"has-inline-color has-luminous-vivid-amber-color\">Doch eine Zeile, eine Erw\u00e4hnung, in &#8222;<em><strong>Adventure of the empty house&#8220;<\/strong><\/em>,  Sherlock Holmes erw\u00e4hnt hier, dass er Baritsu genutzt habe um Moriarty zu besiegen.<\/mark><\/p>\n\n\n\n<p><\/p>\n\n\n\n<p><mark style=\"background-color:rgba(0, 0, 0, 0)\" class=\"has-inline-color has-luminous-vivid-amber-color\"><br><\/mark><\/p>\n\n\n\n<h2 class=\"wp-block-heading\"><mark style=\"background-color:rgba(0, 0, 0, 0)\" class=\"has-inline-color has-luminous-vivid-amber-color\"><strong>Was ist denn jetzt &#8222;Baritsu&#8220;?<\/strong><\/mark><\/h2>\n\n\n\n<p class=\"has-medium-font-size\"><mark style=\"background-color:rgba(0, 0, 0, 0)\" class=\"has-inline-color has-luminous-vivid-amber-color\"><br><\/mark><br><mark style=\"background-color:rgba(0, 0, 0, 0)\" class=\"has-inline-color has-luminous-vivid-amber-color\">Gar nichts. <\/mark><br><mark style=\"background-color:rgba(0, 0, 0, 0)\" class=\"has-inline-color has-luminous-vivid-amber-color\">Das war wohl ein Schreibfehler des Setzers.<br>In alten Pears Magazines&nbsp;fanden die Fans nicht nur das verlorengegangene &#8222;t&#8220;, sondern gleich das ganze <strong>Bartitsu<\/strong> wieder.<br><\/mark><br><mark style=\"background-color:rgba(0, 0, 0, 0)\" class=\"has-inline-color has-luminous-vivid-amber-color\">Die Finder staunten nicht schlecht, denn ein ausgereiftes Mixed Martial Art System zur Selbstverteidigung zu finden, hatte keiner erwartet<\/mark>.<br><\/p>\n\n\n\n<p class=\"has-medium-font-size\"><br><mark style=\"background-color:rgba(0, 0, 0, 0)\" class=\"has-inline-color has-luminous-vivid-amber-color\"><strong>Was machte Bartitsu so erfolgreich?<\/strong><br><\/mark><br><mark style=\"background-color:rgba(0, 0, 0, 0)\" class=\"has-inline-color has-luminous-vivid-amber-color\">Nun zum einen sicher auch die gro\u00dfangelegte Werbung durch das Pears Magazine, das eine ordentliche Auflage hatte. <br>Zum anderen die Lernbarkeit.<br>Weder Ladies noch Gentlemen mussten hochtrainierte Profis werden, um sich effizient gegen R\u00fcpel der Stra\u00dfe verteidigen zu k\u00f6nnen. <\/mark><br><mark style=\"background-color:rgba(0, 0, 0, 0)\" class=\"has-inline-color has-luminous-vivid-amber-color\">Und man nutzte wirklich alles, um sich zu verteidigen. <\/mark><br><br><br><img loading=\"lazy\" decoding=\"async\" width=\"250\" height=\"167\" class=\"wp-image-112\" style=\"width: 250px;\" src=\"http:\/\/fecht-hut.de\/wordpress\/wp-content\/uploads\/2021\/12\/Bartitsu_IMG_0423.jpg\" alt=\"\" srcset=\"https:\/\/fecht-hut.de\/wordpress\/wp-content\/uploads\/2021\/12\/Bartitsu_IMG_0423.jpg 2136w, https:\/\/fecht-hut.de\/wordpress\/wp-content\/uploads\/2021\/12\/Bartitsu_IMG_0423-300x200.jpg 300w, https:\/\/fecht-hut.de\/wordpress\/wp-content\/uploads\/2021\/12\/Bartitsu_IMG_0423-1024x683.jpg 1024w, https:\/\/fecht-hut.de\/wordpress\/wp-content\/uploads\/2021\/12\/Bartitsu_IMG_0423-768x512.jpg 768w, https:\/\/fecht-hut.de\/wordpress\/wp-content\/uploads\/2021\/12\/Bartitsu_IMG_0423-1536x1024.jpg 1536w, https:\/\/fecht-hut.de\/wordpress\/wp-content\/uploads\/2021\/12\/Bartitsu_IMG_0423-2048x1365.jpg 2048w\" sizes=\"auto, (max-width: 250px) 100vw, 250px\" \/>  <img loading=\"lazy\" decoding=\"async\" width=\"250\" height=\"167\" class=\"wp-image-114\" style=\"width: 250px;\" src=\"http:\/\/fecht-hut.de\/wordpress\/wp-content\/uploads\/2021\/12\/Bartitsu_IMG_0429.jpg\" alt=\"\" srcset=\"https:\/\/fecht-hut.de\/wordpress\/wp-content\/uploads\/2021\/12\/Bartitsu_IMG_0429.jpg 2136w, https:\/\/fecht-hut.de\/wordpress\/wp-content\/uploads\/2021\/12\/Bartitsu_IMG_0429-300x200.jpg 300w, https:\/\/fecht-hut.de\/wordpress\/wp-content\/uploads\/2021\/12\/Bartitsu_IMG_0429-1024x683.jpg 1024w, https:\/\/fecht-hut.de\/wordpress\/wp-content\/uploads\/2021\/12\/Bartitsu_IMG_0429-768x512.jpg 768w, https:\/\/fecht-hut.de\/wordpress\/wp-content\/uploads\/2021\/12\/Bartitsu_IMG_0429-1536x1024.jpg 1536w, https:\/\/fecht-hut.de\/wordpress\/wp-content\/uploads\/2021\/12\/Bartitsu_IMG_0429-2048x1365.jpg 2048w\" sizes=\"auto, (max-width: 250px) 100vw, 250px\" \/><mark style=\"background-color:rgba(0, 0, 0, 0)\" class=\"has-inline-color has-luminous-vivid-amber-color\"><br><\/mark><\/p>\n\n\n\n<p><br><mark style=\"background-color:rgba(0, 0, 0, 0)\" class=\"has-inline-color has-luminous-vivid-amber-color\"><strong>Sie k\u00f6nnen gar keine High Kicks?<\/strong><\/mark><br><\/p>\n\n\n\n<p class=\"has-medium-font-size\"><mark style=\"background-color:rgba(0, 0, 0, 0)\" class=\"has-inline-color has-luminous-vivid-amber-color\">und auch keine Flugrolle oder andere filmreife Stunts?<\/mark><br><mark style=\"background-color:rgba(0, 0, 0, 0)\" class=\"has-inline-color has-luminous-vivid-amber-color\">Die Ladies und Gentlemen konnten das auch nicht. <\/mark><br><mark style=\"background-color:rgba(0, 0, 0, 0)\" class=\"has-inline-color has-luminous-vivid-amber-color\">Und die verteidigten sich mit Bartitsu erfolgreich. Dann k\u00f6nnen Sie das auch. <\/mark><br><br><img loading=\"lazy\" decoding=\"async\" width=\"250\" height=\"167\" class=\"wp-image-113\" style=\"width: 250px;\" src=\"https:\/\/fecht-hut.de\/wordpress\/wp-content\/uploads\/2021\/12\/Bartitsu_IMG_0425.jpg\" alt=\"\" srcset=\"https:\/\/fecht-hut.de\/wordpress\/wp-content\/uploads\/2021\/12\/Bartitsu_IMG_0425.jpg 2136w, https:\/\/fecht-hut.de\/wordpress\/wp-content\/uploads\/2021\/12\/Bartitsu_IMG_0425-300x200.jpg 300w, https:\/\/fecht-hut.de\/wordpress\/wp-content\/uploads\/2021\/12\/Bartitsu_IMG_0425-1024x683.jpg 1024w, https:\/\/fecht-hut.de\/wordpress\/wp-content\/uploads\/2021\/12\/Bartitsu_IMG_0425-768x512.jpg 768w, https:\/\/fecht-hut.de\/wordpress\/wp-content\/uploads\/2021\/12\/Bartitsu_IMG_0425-1536x1024.jpg 1536w, https:\/\/fecht-hut.de\/wordpress\/wp-content\/uploads\/2021\/12\/Bartitsu_IMG_0425-2048x1365.jpg 2048w\" sizes=\"auto, (max-width: 250px) 100vw, 250px\" \/><\/p>\n\n\n\n<p><\/p>\n\n\n\n<h2 class=\"wp-block-heading has-luminous-vivid-amber-color has-text-color\">Ladies und Bartitsu?<\/h2>\n\n\n\n<p class=\"has-luminous-vivid-amber-color has-text-color has-medium-font-size\">Ganz richtig die Ladies nutzten Selbstverteidigung. <br>Besonders die <strong>Suffragetten<\/strong> knallten nicht nur Stra\u00dfenr\u00e4uber und aufgebrachte Gegner der Frauenrechte aufs Pflaster, sondern auch mies gelaunte Bobbies.<br><br><img loading=\"lazy\" decoding=\"async\" width=\"350\" height=\"476\" class=\"wp-image-183\" style=\"width: 350px;\" src=\"https:\/\/fecht-hut.de\/wordpress\/wp-content\/uploads\/2021\/12\/suffra2_1_20210523_1048283787.jpg\" alt=\"\">  <\/p>\n\n\n\n<p class=\"has-luminous-vivid-amber-color has-text-color has-medium-font-size\">Die Zeitungen hatten ihren Spa\u00df daran, denn diese Frauenrechtlerinnen mischten die Bobbies ganz sch\u00f6n auf.<\/p>\n\n\n\n<p class=\"has-luminous-vivid-amber-color has-text-color\"><img loading=\"lazy\" decoding=\"async\" width=\"350\" height=\"236\" class=\"wp-image-103\" style=\"width: 350px;\" src=\"https:\/\/fecht-hut.de\/wordpress\/wp-content\/uploads\/2021\/12\/suffra4_1_20210523_1977044723.jpg\" alt=\"\"> <mark style=\"background-color:rgba(0, 0, 0, 0)\" class=\"has-inline-color has-luminous-vivid-amber-color\"><br><\/mark><br><\/p>\n\n\n\n<h2 class=\"wp-block-heading\"><mark style=\"background-color:rgba(0, 0, 0, 0)\" class=\"has-inline-color has-luminous-vivid-amber-color\"><strong>Gibt es verschiedene Arten Bartitsu?<\/strong><\/mark><\/h2>\n\n\n\n<p class=\"has-luminous-vivid-amber-color has-text-color has-medium-font-size\"><mark style=\"background-color:rgba(0, 0, 0, 0)\" class=\"has-inline-color has-luminous-vivid-amber-color\"><br><\/mark><br><mark style=\"background-color:rgba(0, 0, 0, 0)\" class=\"has-inline-color has-luminous-vivid-amber-color\">Ja, <\/mark><br>denn <mark style=\"background-color:rgba(0, 0, 0, 0)\" class=\"has-inline-color has-luminous-vivid-amber-color\">die neue Selbstverteidigung Bartitsu entwickelten sich nat\u00fcrlich weiter. <\/mark><br><mark style=\"background-color:rgba(0, 0, 0, 0)\" class=\"has-inline-color has-luminous-vivid-amber-color\">So gab es in Frankreich einen Ableger unter schwungvollen Namen <strong><em>Defense de la Rue<\/em><\/strong>. <\/mark><br><br><mark style=\"background-color:rgba(0, 0, 0, 0)\" class=\"has-inline-color has-luminous-vivid-amber-color\">Die vom Hut gezeigte Form lehnt sich nicht nur an den Ursprung von 1899, sondern auch an das modernisierte Neo bzw. Modern-Bartitsu an.<br><\/mark><br><mark style=\"background-color:rgba(0, 0, 0, 0)\" class=\"has-inline-color has-luminous-vivid-amber-color\">Wollen Sie es mal ausprobieren?<\/mark><br>Dann kommen sie unverbindlich ins &#8211;&gt; <a href=\"https:\/\/fecht-hut.de\/?page_id=10\" target=\"_blank\" rel=\"noreferrer noopener\">Training<\/a><br><mark style=\"background-color:rgba(0, 0, 0, 0)\" class=\"has-inline-color has-luminous-vivid-amber-color\">Dann schreiben Sie einfach an diesen Hut &#8212;&gt; ingo@fecht-hut.de  <\/mark><\/p>\n\n\n\n<p><\/p>\n\n\n\n<p class=\"has-luminous-vivid-amber-color has-text-color\"><br><br><br><mark style=\"background-color:rgba(0, 0, 0, 0)\" class=\"has-inline-color has-luminous-vivid-amber-color\">Wenn Sie lieber erstmal durch viele Seiten bl\u00e4ttern wollen, geht das nat\u00fcrlich auch:<\/mark><br><br><img loading=\"lazy\" decoding=\"async\" width=\"150\" height=\"225\" class=\"wp-image-828\" style=\"width: 150px;\" src=\"https:\/\/fecht-hut.de\/wordpress\/wp-content\/uploads\/2023\/04\/Time-of-Bartitsu.jpg\" alt=\"\" srcset=\"https:\/\/fecht-hut.de\/wordpress\/wp-content\/uploads\/2023\/04\/Time-of-Bartitsu.jpg 333w, https:\/\/fecht-hut.de\/wordpress\/wp-content\/uploads\/2023\/04\/Time-of-Bartitsu-200x300.jpg 200w\" sizes=\"auto, (max-width: 150px) 100vw, 150px\" \/> <img loading=\"lazy\" decoding=\"async\" width=\"150\" height=\"225\" class=\"wp-image-829\" style=\"width: 150px;\" src=\"https:\/\/fecht-hut.de\/wordpress\/wp-content\/uploads\/2023\/04\/Bartitsu-Techniken-1.jpg\" alt=\"\" srcset=\"https:\/\/fecht-hut.de\/wordpress\/wp-content\/uploads\/2023\/04\/Bartitsu-Techniken-1.jpg 333w, https:\/\/fecht-hut.de\/wordpress\/wp-content\/uploads\/2023\/04\/Bartitsu-Techniken-1-200x300.jpg 200w\" sizes=\"auto, (max-width: 150px) 100vw, 150px\" \/> <img loading=\"lazy\" decoding=\"async\" width=\"150\" height=\"225\" class=\"wp-image-830\" style=\"width: 150px;\" src=\"https:\/\/fecht-hut.de\/wordpress\/wp-content\/uploads\/2023\/04\/Bartitsu-Techniken-2-Suffragetten.jpg\" alt=\"\" srcset=\"https:\/\/fecht-hut.de\/wordpress\/wp-content\/uploads\/2023\/04\/Bartitsu-Techniken-2-Suffragetten.jpg 333w, https:\/\/fecht-hut.de\/wordpress\/wp-content\/uploads\/2023\/04\/Bartitsu-Techniken-2-Suffragetten-200x300.jpg 200w\" sizes=\"auto, (max-width: 150px) 100vw, 150px\" \/> <br> <img loading=\"lazy\" decoding=\"async\" width=\"150\" height=\"225\" class=\"wp-image-831\" style=\"width: 150px;\" src=\"https:\/\/fecht-hut.de\/wordpress\/wp-content\/uploads\/2023\/04\/Bartitsu-Techniken-3-Uebungen.jpg\" alt=\"\" srcset=\"https:\/\/fecht-hut.de\/wordpress\/wp-content\/uploads\/2023\/04\/Bartitsu-Techniken-3-Uebungen.jpg 333w, https:\/\/fecht-hut.de\/wordpress\/wp-content\/uploads\/2023\/04\/Bartitsu-Techniken-3-Uebungen-200x300.jpg 200w\" sizes=\"auto, (max-width: 150px) 100vw, 150px\" \/> <img loading=\"lazy\" decoding=\"async\" width=\"150\" height=\"225\" class=\"wp-image-832\" style=\"width: 150px;\" src=\"https:\/\/fecht-hut.de\/wordpress\/wp-content\/uploads\/2023\/04\/Bartitsu-Techniken-4-Bodenkampf.jpg\" alt=\"\" srcset=\"https:\/\/fecht-hut.de\/wordpress\/wp-content\/uploads\/2023\/04\/Bartitsu-Techniken-4-Bodenkampf.jpg 333w, https:\/\/fecht-hut.de\/wordpress\/wp-content\/uploads\/2023\/04\/Bartitsu-Techniken-4-Bodenkampf-200x300.jpg 200w\" sizes=\"auto, (max-width: 150px) 100vw, 150px\" \/> <img loading=\"lazy\" decoding=\"async\" width=\"150\" height=\"225\" class=\"wp-image-1086\" style=\"width: 150px;\" src=\"https:\/\/fecht-hut.de\/wordpress\/wp-content\/uploads\/2024\/06\/defensive-gymnastics-Berenger.jpg\" alt=\"\" srcset=\"https:\/\/fecht-hut.de\/wordpress\/wp-content\/uploads\/2024\/06\/defensive-gymnastics-Berenger.jpg 231w, https:\/\/fecht-hut.de\/wordpress\/wp-content\/uploads\/2024\/06\/defensive-gymnastics-Berenger-200x300.jpg 200w\" sizes=\"auto, (max-width: 150px) 100vw, 150px\" \/><\/p>\n\n\n\n<p><\/p>\n\n\n\n<p><\/p>\n\n\n\n<p><\/p>\n","protected":false},"excerpt":{"rendered":"<p>Nein, Bartitsu ist keine entbl\u00f6\u00dfte Schmuddel-bar an der Ecke. Bartitsu ist die neue Selbstverteidigung So hie\u00df es 1899 in London. Also zumindest im Pears Magazine hie\u00df es das f\u00fcr die lesefreudigen Ladies und Gentlemen. Edward&nbsp; William Barton-Wright hat diese Selbstverteidigung auf seinen Reisen gemischt extra f\u00fcr Ladies and Gentlemen mitgebracht. Er war dabei immerhin \u00fcber&#8230; <\/p>\n<div class=\"read-more navbutton\"><a href=\"https:\/\/fecht-hut.de\/?page_id=22\">Read More<i class=\"fa fa-angle-double-right\"><\/i><\/a><\/div>\n","protected":false},"author":1,"featured_media":0,"parent":0,"menu_order":0,"comment_status":"closed","ping_status":"closed","template":"","meta":{"footnotes":""},"class_list":["post-22","page","type-page","status-publish","hentry"],"yoast_head":"<!-- This site is optimized with the Yoast SEO plugin v27.4 - https:\/\/yoast.com\/product\/yoast-seo-wordpress\/ -->\n<title>Bartitsu die neue Selbstverteidigung Bartitsu - Fecht-Hut<\/title>\n<meta name=\"description\" content=\"Bartitsu die neue Selbstverteidigung f\u00fcr Ladies und Gentlemen hie\u00df es 1899, und wird bei bei Fecht-Hut gezeigt.\" \/>\n<meta name=\"robots\" content=\"index, follow, max-snippet:-1, max-image-preview:large, max-video-preview:-1\" \/>\n<link rel=\"canonical\" href=\"https:\/\/fecht-hut.de\/?page_id=22\" \/>\n<meta property=\"og:locale\" content=\"de_DE\" \/>\n<meta property=\"og:type\" content=\"article\" \/>\n<meta property=\"og:title\" content=\"Bartitsu die neue Selbstverteidigung Bartitsu - Fecht-Hut\" \/>\n<meta property=\"og:description\" content=\"Bartitsu die neue Selbstverteidigung f\u00fcr Ladies und Gentlemen hie\u00df es 1899, und wird bei bei Fecht-Hut gezeigt.\" \/>\n<meta property=\"og:url\" content=\"https:\/\/fecht-hut.de\/?page_id=22\" \/>\n<meta property=\"og:site_name\" content=\"Fecht-Hut\" \/>\n<meta property=\"article:modified_time\" content=\"2025-09-06T09:36:51+00:00\" \/>\n<meta property=\"og:image\" content=\"https:\/\/fecht-hut.de\/wordpress\/wp-content\/uploads\/2021\/12\/e-w-barton-wright_1_20210129_1247405026.jpg\" \/>\n\t<meta property=\"og:image:width\" content=\"205\" \/>\n\t<meta property=\"og:image:height\" content=\"246\" \/>\n\t<meta property=\"og:image:type\" content=\"image\/jpeg\" \/>\n<meta name=\"twitter:card\" content=\"summary_large_image\" \/>\n<meta name=\"twitter:label1\" content=\"Gesch\u00e4tzte Lesezeit\" \/>\n\t<meta name=\"twitter:data1\" content=\"5\u00a0Minuten\" \/>\n<script type=\"application\/ld+json\" class=\"yoast-schema-graph\">{\"@context\":\"https:\\\/\\\/schema.org\",\"@graph\":[{\"@type\":\"WebPage\",\"@id\":\"https:\\\/\\\/fecht-hut.de\\\/?page_id=22\",\"url\":\"https:\\\/\\\/fecht-hut.de\\\/?page_id=22\",\"name\":\"Bartitsu die neue Selbstverteidigung Bartitsu - Fecht-Hut\",\"isPartOf\":{\"@id\":\"https:\\\/\\\/fecht-hut.de\\\/#website\"},\"primaryImageOfPage\":{\"@id\":\"https:\\\/\\\/fecht-hut.de\\\/?page_id=22#primaryimage\"},\"image\":{\"@id\":\"https:\\\/\\\/fecht-hut.de\\\/?page_id=22#primaryimage\"},\"thumbnailUrl\":\"http:\\\/\\\/fecht-hut.de\\\/wordpress\\\/wp-content\\\/uploads\\\/2021\\\/12\\\/e-w-barton-wright_1_20210129_1247405026.jpg\",\"datePublished\":\"2021-12-01T13:12:18+00:00\",\"dateModified\":\"2025-09-06T09:36:51+00:00\",\"description\":\"Bartitsu die neue Selbstverteidigung f\u00fcr Ladies und Gentlemen hie\u00df es 1899, und wird bei bei Fecht-Hut gezeigt.\",\"breadcrumb\":{\"@id\":\"https:\\\/\\\/fecht-hut.de\\\/?page_id=22#breadcrumb\"},\"inLanguage\":\"de\",\"potentialAction\":[{\"@type\":\"ReadAction\",\"target\":[\"https:\\\/\\\/fecht-hut.de\\\/?page_id=22\"]}]},{\"@type\":\"ImageObject\",\"inLanguage\":\"de\",\"@id\":\"https:\\\/\\\/fecht-hut.de\\\/?page_id=22#primaryimage\",\"url\":\"http:\\\/\\\/fecht-hut.de\\\/wordpress\\\/wp-content\\\/uploads\\\/2021\\\/12\\\/e-w-barton-wright_1_20210129_1247405026.jpg\",\"contentUrl\":\"http:\\\/\\\/fecht-hut.de\\\/wordpress\\\/wp-content\\\/uploads\\\/2021\\\/12\\\/e-w-barton-wright_1_20210129_1247405026.jpg\"},{\"@type\":\"BreadcrumbList\",\"@id\":\"https:\\\/\\\/fecht-hut.de\\\/?page_id=22#breadcrumb\",\"itemListElement\":[{\"@type\":\"ListItem\",\"position\":1,\"name\":\"Startseite\",\"item\":\"https:\\\/\\\/fecht-hut.de\\\/\"},{\"@type\":\"ListItem\",\"position\":2,\"name\":\"Bartitsu\"}]},{\"@type\":\"WebSite\",\"@id\":\"https:\\\/\\\/fecht-hut.de\\\/#website\",\"url\":\"https:\\\/\\\/fecht-hut.de\\\/\",\"name\":\"Fecht-Hut\",\"description\":\"\",\"potentialAction\":[{\"@type\":\"SearchAction\",\"target\":{\"@type\":\"EntryPoint\",\"urlTemplate\":\"https:\\\/\\\/fecht-hut.de\\\/?s={search_term_string}\"},\"query-input\":{\"@type\":\"PropertyValueSpecification\",\"valueRequired\":true,\"valueName\":\"search_term_string\"}}],\"inLanguage\":\"de\"}]}<\/script>\n<!-- \/ Yoast SEO plugin. -->","yoast_head_json":{"title":"Bartitsu die neue Selbstverteidigung Bartitsu - Fecht-Hut","description":"Bartitsu die neue Selbstverteidigung f\u00fcr Ladies und Gentlemen hie\u00df es 1899, und wird bei bei Fecht-Hut gezeigt.","robots":{"index":"index","follow":"follow","max-snippet":"max-snippet:-1","max-image-preview":"max-image-preview:large","max-video-preview":"max-video-preview:-1"},"canonical":"https:\/\/fecht-hut.de\/?page_id=22","og_locale":"de_DE","og_type":"article","og_title":"Bartitsu die neue Selbstverteidigung Bartitsu - Fecht-Hut","og_description":"Bartitsu die neue Selbstverteidigung f\u00fcr Ladies und Gentlemen hie\u00df es 1899, und wird bei bei Fecht-Hut gezeigt.","og_url":"https:\/\/fecht-hut.de\/?page_id=22","og_site_name":"Fecht-Hut","article_modified_time":"2025-09-06T09:36:51+00:00","og_image":[{"width":205,"height":246,"url":"https:\/\/fecht-hut.de\/wordpress\/wp-content\/uploads\/2021\/12\/e-w-barton-wright_1_20210129_1247405026.jpg","type":"image\/jpeg"}],"twitter_card":"summary_large_image","twitter_misc":{"Gesch\u00e4tzte Lesezeit":"5\u00a0Minuten"},"schema":{"@context":"https:\/\/schema.org","@graph":[{"@type":"WebPage","@id":"https:\/\/fecht-hut.de\/?page_id=22","url":"https:\/\/fecht-hut.de\/?page_id=22","name":"Bartitsu die neue Selbstverteidigung Bartitsu - Fecht-Hut","isPartOf":{"@id":"https:\/\/fecht-hut.de\/#website"},"primaryImageOfPage":{"@id":"https:\/\/fecht-hut.de\/?page_id=22#primaryimage"},"image":{"@id":"https:\/\/fecht-hut.de\/?page_id=22#primaryimage"},"thumbnailUrl":"http:\/\/fecht-hut.de\/wordpress\/wp-content\/uploads\/2021\/12\/e-w-barton-wright_1_20210129_1247405026.jpg","datePublished":"2021-12-01T13:12:18+00:00","dateModified":"2025-09-06T09:36:51+00:00","description":"Bartitsu die neue Selbstverteidigung f\u00fcr Ladies und Gentlemen hie\u00df es 1899, und wird bei bei Fecht-Hut gezeigt.","breadcrumb":{"@id":"https:\/\/fecht-hut.de\/?page_id=22#breadcrumb"},"inLanguage":"de","potentialAction":[{"@type":"ReadAction","target":["https:\/\/fecht-hut.de\/?page_id=22"]}]},{"@type":"ImageObject","inLanguage":"de","@id":"https:\/\/fecht-hut.de\/?page_id=22#primaryimage","url":"http:\/\/fecht-hut.de\/wordpress\/wp-content\/uploads\/2021\/12\/e-w-barton-wright_1_20210129_1247405026.jpg","contentUrl":"http:\/\/fecht-hut.de\/wordpress\/wp-content\/uploads\/2021\/12\/e-w-barton-wright_1_20210129_1247405026.jpg"},{"@type":"BreadcrumbList","@id":"https:\/\/fecht-hut.de\/?page_id=22#breadcrumb","itemListElement":[{"@type":"ListItem","position":1,"name":"Startseite","item":"https:\/\/fecht-hut.de\/"},{"@type":"ListItem","position":2,"name":"Bartitsu"}]},{"@type":"WebSite","@id":"https:\/\/fecht-hut.de\/#website","url":"https:\/\/fecht-hut.de\/","name":"Fecht-Hut","description":"","potentialAction":[{"@type":"SearchAction","target":{"@type":"EntryPoint","urlTemplate":"https:\/\/fecht-hut.de\/?s={search_term_string}"},"query-input":{"@type":"PropertyValueSpecification","valueRequired":true,"valueName":"search_term_string"}}],"inLanguage":"de"}]}},"_links":{"self":[{"href":"https:\/\/fecht-hut.de\/index.php?rest_route=\/wp\/v2\/pages\/22","targetHints":{"allow":["GET"]}}],"collection":[{"href":"https:\/\/fecht-hut.de\/index.php?rest_route=\/wp\/v2\/pages"}],"about":[{"href":"https:\/\/fecht-hut.de\/index.php?rest_route=\/wp\/v2\/types\/page"}],"author":[{"embeddable":true,"href":"https:\/\/fecht-hut.de\/index.php?rest_route=\/wp\/v2\/users\/1"}],"replies":[{"embeddable":true,"href":"https:\/\/fecht-hut.de\/index.php?rest_route=%2Fwp%2Fv2%2Fcomments&post=22"}],"version-history":[{"count":46,"href":"https:\/\/fecht-hut.de\/index.php?rest_route=\/wp\/v2\/pages\/22\/revisions"}],"predecessor-version":[{"id":1316,"href":"https:\/\/fecht-hut.de\/index.php?rest_route=\/wp\/v2\/pages\/22\/revisions\/1316"}],"wp:attachment":[{"href":"https:\/\/fecht-hut.de\/index.php?rest_route=%2Fwp%2Fv2%2Fmedia&parent=22"}],"curies":[{"name":"wp","href":"https:\/\/api.w.org\/{rel}","templated":true}]}}