{"id":20,"date":"2021-12-01T13:12:18","date_gmt":"2021-12-01T13:12:18","guid":{"rendered":"https:\/\/fecht-hut.de\/wordpress\/?page_id=20"},"modified":"2025-09-06T09:53:43","modified_gmt":"2025-09-06T09:53:43","slug":"hofdegen","status":"publish","type":"page","link":"https:\/\/fecht-hut.de\/?page_id=20","title":{"rendered":"Hofdegen"},"content":{"rendered":"\n<p class=\"has-luminous-vivid-amber-color has-text-color has-medium-font-size\"><mark style=\"background-color:rgba(0, 0, 0, 0)\" class=\"has-inline-color has-luminous-vivid-amber-color\">Der Hofdegen war eine elegante Waffe<\/mark>,<br><mark style=\"background-color:rgba(0, 0, 0, 0)\" class=\"has-inline-color has-luminous-vivid-amber-color\">er wurde auch Epee de Court oder Galanteriedegen genannt. <\/mark><br><br><mark style=\"background-color:rgba(0, 0, 0, 0)\" class=\"has-inline-color has-luminous-vivid-amber-color\">Im Vergleich zum Rapier &#8211;&gt; <\/mark><a href=\"https:\/\/fecht-hut.de\/?page_id=19\" target=\"_blank\" rel=\"noreferrer noopener\"><img loading=\"lazy\" decoding=\"async\" width=\"150\" height=\"107\" class=\"wp-image-189\" style=\"width: 150px;\" src=\"https:\/\/fecht-hut.de\/wordpress\/wp-content\/uploads\/2021\/12\/DSCF0461.jpg\" alt=\"Rapier\" srcset=\"https:\/\/fecht-hut.de\/wordpress\/wp-content\/uploads\/2021\/12\/DSCF0461.jpg 1312w, https:\/\/fecht-hut.de\/wordpress\/wp-content\/uploads\/2021\/12\/DSCF0461-300x214.jpg 300w, https:\/\/fecht-hut.de\/wordpress\/wp-content\/uploads\/2021\/12\/DSCF0461-1024x731.jpg 1024w, https:\/\/fecht-hut.de\/wordpress\/wp-content\/uploads\/2021\/12\/DSCF0461-768x548.jpg 768w\" sizes=\"auto, (max-width: 150px) 100vw, 150px\" \/><\/a> <\/p>\n\n\n\n<p><\/p>\n\n\n\n<p class=\"has-luminous-vivid-amber-color has-text-color has-medium-font-size\"><mark style=\"background-color:rgba(0, 0, 0, 0)\" class=\"has-inline-color has-luminous-vivid-amber-color\">Wirkt er auf den ersten Blick  <\/mark><img loading=\"lazy\" decoding=\"async\" width=\"150\" height=\"91\" class=\"wp-image-558\" style=\"width: 150px;\" src=\"https:\/\/fecht-hut.de\/wordpress\/wp-content\/uploads\/2022\/09\/image-e1663423124604.png\" alt=\"\"> eher schlicht.<\/p>\n\n\n\n<p class=\"has-medium-font-size\"><br><mark style=\"background-color:rgba(0, 0, 0, 0)\" class=\"has-inline-color has-luminous-vivid-amber-color\">Verschwunden sind die kunstvoll geschlungenen Stangen und die aufwendig gestalteten Griffk\u00f6rbe. <\/mark><br><mark style=\"background-color:rgba(0, 0, 0, 0)\" class=\"has-inline-color has-luminous-vivid-amber-color\">Geblieben ist ihm nur ein einfacher Griffb\u00fcgel und ein winziger Parierteller. <\/mark><br><mark style=\"background-color:rgba(0, 0, 0, 0)\" class=\"has-inline-color has-luminous-vivid-amber-color\">Aber die Materialien, die man in den Griff einarbeitete, waren oft umso teurer. <\/mark><br><\/p>\n\n\n\n<p class=\"has-luminous-vivid-amber-color has-text-color has-medium-font-size\"><mark style=\"background-color:rgba(0, 0, 0, 0)\" class=\"has-inline-color has-luminous-vivid-amber-color\">Doch leicht musste der Degen mit der schlanken Klinge sein. <\/mark><br><mark style=\"background-color:rgba(0, 0, 0, 0)\" class=\"has-inline-color has-luminous-vivid-amber-color\">Elegant und federnd sollten sich die Bewegungen dieser Fechtkunst duellieren. <\/mark><br><mark style=\"background-color:rgba(0, 0, 0, 0)\" class=\"has-inline-color has-luminous-vivid-amber-color\">Das Rokoko wollte seine feinen R\u00fcschen und Spitzen tragen. <\/mark><br><mark style=\"background-color:rgba(0, 0, 0, 0)\" class=\"has-inline-color has-luminous-vivid-amber-color\">Es war die Zeit der Pompadour und der Puderquasten. <\/mark>Man liebte das Leichte, wobei man auch leicht liebte. Da musste es so sein. Der Hofdegen war eine elegante Waffe, die dazu passte.<\/p>\n\n\n\n<p class=\"has-luminous-vivid-amber-color has-text-color has-medium-font-size\"><img loading=\"lazy\" decoding=\"async\" width=\"350\" height=\"245\" class=\"wp-image-68\" style=\"width: 350px;\" src=\"http:\/\/fecht-hut.de\/wordpress\/wp-content\/uploads\/2021\/12\/highlights2013-1_1_20180206_1568821019.jpg\" alt=\"\" srcset=\"https:\/\/fecht-hut.de\/wordpress\/wp-content\/uploads\/2021\/12\/highlights2013-1_1_20180206_1568821019.jpg 760w, https:\/\/fecht-hut.de\/wordpress\/wp-content\/uploads\/2021\/12\/highlights2013-1_1_20180206_1568821019-300x210.jpg 300w\" sizes=\"auto, (max-width: 350px) 100vw, 350px\" \/><mark style=\"background-color:rgba(0, 0, 0, 0)\" class=\"has-inline-color has-luminous-vivid-amber-color\"> <\/mark><br><br><mark style=\"background-color:rgba(0, 0, 0, 0)\" class=\"has-inline-color has-luminous-vivid-amber-color\">Man duellierte sich ohne Ballast und ohne schwere Klingen. <\/mark><br><mark style=\"background-color:rgba(0, 0, 0, 0)\" class=\"has-inline-color has-luminous-vivid-amber-color\">Es wurde elegant gestochen und was zu plump erschien, das wurde einfach weggelassen. <\/mark><br><mark style=\"background-color:rgba(0, 0, 0, 0)\" class=\"has-inline-color has-luminous-vivid-amber-color\">Die Klinge wurde schlanker und auch ein St\u00fcck k\u00fcrzer. Die 80 cm Klingenl\u00e4nge \u00fcberschritt der Hofdegen selten. <\/mark><br><br><img loading=\"lazy\" decoding=\"async\" width=\"300\" height=\"180\" class=\"wp-image-496\" style=\"width: 300px;\" src=\"https:\/\/fecht-hut.de\/wordpress\/wp-content\/uploads\/2022\/09\/37076050_2111685499073449_3371646080088276992_n.jpg\" alt=\"\" srcset=\"https:\/\/fecht-hut.de\/wordpress\/wp-content\/uploads\/2022\/09\/37076050_2111685499073449_3371646080088276992_n.jpg 960w, https:\/\/fecht-hut.de\/wordpress\/wp-content\/uploads\/2022\/09\/37076050_2111685499073449_3371646080088276992_n-300x180.jpg 300w, https:\/\/fecht-hut.de\/wordpress\/wp-content\/uploads\/2022\/09\/37076050_2111685499073449_3371646080088276992_n-768x461.jpg 768w\" sizes=\"auto, (max-width: 300px) 100vw, 300px\" \/><br><br><mark style=\"background-color:rgba(0, 0, 0, 0)\" class=\"has-inline-color has-luminous-vivid-amber-color\">Und genau diese kurze, schlanke Klinge macht ihn so erschreckend, pardon elegant schnell.<\/mark><br><mark style=\"background-color:rgba(0, 0, 0, 0)\" class=\"has-inline-color has-luminous-vivid-amber-color\"> <\/mark><br><img loading=\"lazy\" decoding=\"async\" width=\"300\" height=\"180\" class=\"wp-image-69\" style=\"width: 300px;\" src=\"https:\/\/fecht-hut.de\/wordpress\/wp-content\/uploads\/2021\/12\/37092810_2111685512406781_2441464422720339968_n.jpg\" alt=\"\" srcset=\"https:\/\/fecht-hut.de\/wordpress\/wp-content\/uploads\/2021\/12\/37092810_2111685512406781_2441464422720339968_n.jpg 960w, https:\/\/fecht-hut.de\/wordpress\/wp-content\/uploads\/2021\/12\/37092810_2111685512406781_2441464422720339968_n-300x180.jpg 300w, https:\/\/fecht-hut.de\/wordpress\/wp-content\/uploads\/2021\/12\/37092810_2111685512406781_2441464422720339968_n-768x461.jpg 768w\" sizes=\"auto, (max-width: 300px) 100vw, 300px\" \/> <br><br><mark style=\"background-color:rgba(0, 0, 0, 0)\" class=\"has-inline-color has-luminous-vivid-amber-color\">Der Hofdegen macht es schwer ihm zu entkommen, wenn der Fechter flexibel ist. <\/mark><br><mark style=\"background-color:rgba(0, 0, 0, 0)\" class=\"has-inline-color has-luminous-vivid-amber-color\">Er wurde haupts\u00e4chlich zur Satisfaktion f\u00fcrs standesgem\u00e4\u00dfe Duell gezogen, und nicht f\u00fcr die brutale Feldschlacht. <\/mark><br><mark style=\"background-color:rgba(0, 0, 0, 0)\" class=\"has-inline-color has-luminous-vivid-amber-color\">Diese schmutzige Arbeit \u00fcberlie\u00df er seinem milit\u00e4rischen Kollegen, dem S\u00e4bel.<\/mark>-&gt;<a href=\"https:\/\/fecht-hut.de\/?page_id=21\" target=\"_blank\" rel=\"noreferrer noopener\"><img loading=\"lazy\" decoding=\"async\" width=\"150\" height=\"94\" class=\"wp-image-162\" style=\"width: 150px;\" src=\"https:\/\/fecht-hut.de\/wordpress\/wp-content\/uploads\/2021\/12\/31B4snb3BhL._SX331_BO1204203200_-e1663423627908.jpg\" alt=\"\"><\/a><br><br><mark style=\"background-color:rgba(0, 0, 0, 0)\" class=\"has-inline-color has-luminous-vivid-amber-color\">In dieser eleganten Zeit taucht in England ein Mann namens Domenico Angelo auf und er\u00f6ffnete alsbald die erfolgreichste Fechtschule Londons. <\/mark><br><mark style=\"background-color:rgba(0, 0, 0, 0)\" class=\"has-inline-color has-luminous-vivid-amber-color\">Auf deutscher Seite war der Ire Alexander Doyle der Fechtmeister, der dem Adel die Kunst des Degenfechtens beibrachte.<\/mark><br><br> <img loading=\"lazy\" decoding=\"async\" width=\"150\" height=\"225\" class=\"wp-image-853\" style=\"width: 150px;\" src=\"https:\/\/fecht-hut.de\/wordpress\/wp-content\/uploads\/2023\/04\/Hofdegen-System-der-Klingen-14.jpg\" alt=\"\" srcset=\"https:\/\/fecht-hut.de\/wordpress\/wp-content\/uploads\/2023\/04\/Hofdegen-System-der-Klingen-14.jpg 333w, https:\/\/fecht-hut.de\/wordpress\/wp-content\/uploads\/2023\/04\/Hofdegen-System-der-Klingen-14-200x300.jpg 200w\" sizes=\"auto, (max-width: 150px) 100vw, 150px\" \/> <\/p>\n\n\n\n<p class=\"has-luminous-vivid-amber-color has-text-color\"><br> <\/p>\n","protected":false},"excerpt":{"rendered":"<p>Der Hofdegen war eine elegante Waffe,er wurde auch Epee de Court oder Galanteriedegen genannt. Im Vergleich zum Rapier &#8211;&gt; Wirkt er auf den ersten Blick eher schlicht. Verschwunden sind die kunstvoll geschlungenen Stangen und die aufwendig gestalteten Griffk\u00f6rbe. Geblieben ist ihm nur ein einfacher Griffb\u00fcgel und ein winziger Parierteller. Aber die Materialien, die man in&#8230; <\/p>\n<div class=\"read-more navbutton\"><a href=\"https:\/\/fecht-hut.de\/?page_id=20\">Read More<i class=\"fa fa-angle-double-right\"><\/i><\/a><\/div>\n","protected":false},"author":1,"featured_media":0,"parent":0,"menu_order":0,"comment_status":"closed","ping_status":"closed","template":"","meta":{"footnotes":""},"class_list":["post-20","page","type-page","status-publish","hentry"],"yoast_head":"<!-- This site is optimized with the Yoast SEO plugin v27.5 - https:\/\/yoast.com\/product\/yoast-seo-wordpress\/ -->\n<title>Der Hofdegen war eine elegante Waffe Hofdegen - Fecht-Hut<\/title>\n<meta name=\"description\" content=\"Der Hofdegen, wie ihn Domenico Angelo in London zeigte, war eine elegante Waffe und wird bei Fecht-Hut gerne gezeigt.\" \/>\n<meta name=\"robots\" content=\"index, follow, max-snippet:-1, max-image-preview:large, max-video-preview:-1\" \/>\n<link rel=\"canonical\" href=\"https:\/\/fecht-hut.de\/?page_id=20\" \/>\n<meta property=\"og:locale\" content=\"de_DE\" \/>\n<meta property=\"og:type\" content=\"article\" \/>\n<meta property=\"og:title\" content=\"Der Hofdegen war eine elegante Waffe Hofdegen - Fecht-Hut\" \/>\n<meta property=\"og:description\" content=\"Der Hofdegen, wie ihn Domenico Angelo in London zeigte, war eine elegante Waffe und wird bei Fecht-Hut gerne gezeigt.\" \/>\n<meta property=\"og:url\" content=\"https:\/\/fecht-hut.de\/?page_id=20\" \/>\n<meta property=\"og:site_name\" content=\"Fecht-Hut\" \/>\n<meta property=\"article:modified_time\" content=\"2025-09-06T09:53:43+00:00\" \/>\n<meta property=\"og:image\" content=\"https:\/\/fecht-hut.de\/wordpress\/wp-content\/uploads\/2021\/12\/DSCF0461.jpg\" \/>\n\t<meta property=\"og:image:width\" content=\"1312\" \/>\n\t<meta property=\"og:image:height\" content=\"937\" \/>\n\t<meta property=\"og:image:type\" content=\"image\/jpeg\" \/>\n<meta name=\"twitter:card\" content=\"summary_large_image\" \/>\n<meta name=\"twitter:label1\" content=\"Gesch\u00e4tzte Lesezeit\" \/>\n\t<meta name=\"twitter:data1\" content=\"3\u00a0Minuten\" \/>\n<script type=\"application\/ld+json\" class=\"yoast-schema-graph\">{\"@context\":\"https:\\\/\\\/schema.org\",\"@graph\":[{\"@type\":\"WebPage\",\"@id\":\"https:\\\/\\\/fecht-hut.de\\\/?page_id=20\",\"url\":\"https:\\\/\\\/fecht-hut.de\\\/?page_id=20\",\"name\":\"Der Hofdegen war eine elegante Waffe Hofdegen - Fecht-Hut\",\"isPartOf\":{\"@id\":\"https:\\\/\\\/fecht-hut.de\\\/#website\"},\"primaryImageOfPage\":{\"@id\":\"https:\\\/\\\/fecht-hut.de\\\/?page_id=20#primaryimage\"},\"image\":{\"@id\":\"https:\\\/\\\/fecht-hut.de\\\/?page_id=20#primaryimage\"},\"thumbnailUrl\":\"https:\\\/\\\/fecht-hut.de\\\/wordpress\\\/wp-content\\\/uploads\\\/2021\\\/12\\\/DSCF0461.jpg\",\"datePublished\":\"2021-12-01T13:12:18+00:00\",\"dateModified\":\"2025-09-06T09:53:43+00:00\",\"description\":\"Der Hofdegen, wie ihn Domenico Angelo in London zeigte, war eine elegante Waffe und wird bei Fecht-Hut gerne gezeigt.\",\"breadcrumb\":{\"@id\":\"https:\\\/\\\/fecht-hut.de\\\/?page_id=20#breadcrumb\"},\"inLanguage\":\"de\",\"potentialAction\":[{\"@type\":\"ReadAction\",\"target\":[\"https:\\\/\\\/fecht-hut.de\\\/?page_id=20\"]}]},{\"@type\":\"ImageObject\",\"inLanguage\":\"de\",\"@id\":\"https:\\\/\\\/fecht-hut.de\\\/?page_id=20#primaryimage\",\"url\":\"https:\\\/\\\/fecht-hut.de\\\/wordpress\\\/wp-content\\\/uploads\\\/2021\\\/12\\\/DSCF0461.jpg\",\"contentUrl\":\"https:\\\/\\\/fecht-hut.de\\\/wordpress\\\/wp-content\\\/uploads\\\/2021\\\/12\\\/DSCF0461.jpg\",\"width\":1312,\"height\":937,\"caption\":\"Rapier\"},{\"@type\":\"BreadcrumbList\",\"@id\":\"https:\\\/\\\/fecht-hut.de\\\/?page_id=20#breadcrumb\",\"itemListElement\":[{\"@type\":\"ListItem\",\"position\":1,\"name\":\"Startseite\",\"item\":\"https:\\\/\\\/fecht-hut.de\\\/\"},{\"@type\":\"ListItem\",\"position\":2,\"name\":\"Hofdegen\"}]},{\"@type\":\"WebSite\",\"@id\":\"https:\\\/\\\/fecht-hut.de\\\/#website\",\"url\":\"https:\\\/\\\/fecht-hut.de\\\/\",\"name\":\"Fecht-Hut\",\"description\":\"\",\"potentialAction\":[{\"@type\":\"SearchAction\",\"target\":{\"@type\":\"EntryPoint\",\"urlTemplate\":\"https:\\\/\\\/fecht-hut.de\\\/?s={search_term_string}\"},\"query-input\":{\"@type\":\"PropertyValueSpecification\",\"valueRequired\":true,\"valueName\":\"search_term_string\"}}],\"inLanguage\":\"de\"}]}<\/script>\n<!-- \/ Yoast SEO plugin. -->","yoast_head_json":{"title":"Der Hofdegen war eine elegante Waffe Hofdegen - Fecht-Hut","description":"Der Hofdegen, wie ihn Domenico Angelo in London zeigte, war eine elegante Waffe und wird bei Fecht-Hut gerne gezeigt.","robots":{"index":"index","follow":"follow","max-snippet":"max-snippet:-1","max-image-preview":"max-image-preview:large","max-video-preview":"max-video-preview:-1"},"canonical":"https:\/\/fecht-hut.de\/?page_id=20","og_locale":"de_DE","og_type":"article","og_title":"Der Hofdegen war eine elegante Waffe Hofdegen - Fecht-Hut","og_description":"Der Hofdegen, wie ihn Domenico Angelo in London zeigte, war eine elegante Waffe und wird bei Fecht-Hut gerne gezeigt.","og_url":"https:\/\/fecht-hut.de\/?page_id=20","og_site_name":"Fecht-Hut","article_modified_time":"2025-09-06T09:53:43+00:00","og_image":[{"width":1312,"height":937,"url":"https:\/\/fecht-hut.de\/wordpress\/wp-content\/uploads\/2021\/12\/DSCF0461.jpg","type":"image\/jpeg"}],"twitter_card":"summary_large_image","twitter_misc":{"Gesch\u00e4tzte Lesezeit":"3\u00a0Minuten"},"schema":{"@context":"https:\/\/schema.org","@graph":[{"@type":"WebPage","@id":"https:\/\/fecht-hut.de\/?page_id=20","url":"https:\/\/fecht-hut.de\/?page_id=20","name":"Der Hofdegen war eine elegante Waffe Hofdegen - Fecht-Hut","isPartOf":{"@id":"https:\/\/fecht-hut.de\/#website"},"primaryImageOfPage":{"@id":"https:\/\/fecht-hut.de\/?page_id=20#primaryimage"},"image":{"@id":"https:\/\/fecht-hut.de\/?page_id=20#primaryimage"},"thumbnailUrl":"https:\/\/fecht-hut.de\/wordpress\/wp-content\/uploads\/2021\/12\/DSCF0461.jpg","datePublished":"2021-12-01T13:12:18+00:00","dateModified":"2025-09-06T09:53:43+00:00","description":"Der Hofdegen, wie ihn Domenico Angelo in London zeigte, war eine elegante Waffe und wird bei Fecht-Hut gerne gezeigt.","breadcrumb":{"@id":"https:\/\/fecht-hut.de\/?page_id=20#breadcrumb"},"inLanguage":"de","potentialAction":[{"@type":"ReadAction","target":["https:\/\/fecht-hut.de\/?page_id=20"]}]},{"@type":"ImageObject","inLanguage":"de","@id":"https:\/\/fecht-hut.de\/?page_id=20#primaryimage","url":"https:\/\/fecht-hut.de\/wordpress\/wp-content\/uploads\/2021\/12\/DSCF0461.jpg","contentUrl":"https:\/\/fecht-hut.de\/wordpress\/wp-content\/uploads\/2021\/12\/DSCF0461.jpg","width":1312,"height":937,"caption":"Rapier"},{"@type":"BreadcrumbList","@id":"https:\/\/fecht-hut.de\/?page_id=20#breadcrumb","itemListElement":[{"@type":"ListItem","position":1,"name":"Startseite","item":"https:\/\/fecht-hut.de\/"},{"@type":"ListItem","position":2,"name":"Hofdegen"}]},{"@type":"WebSite","@id":"https:\/\/fecht-hut.de\/#website","url":"https:\/\/fecht-hut.de\/","name":"Fecht-Hut","description":"","potentialAction":[{"@type":"SearchAction","target":{"@type":"EntryPoint","urlTemplate":"https:\/\/fecht-hut.de\/?s={search_term_string}"},"query-input":{"@type":"PropertyValueSpecification","valueRequired":true,"valueName":"search_term_string"}}],"inLanguage":"de"}]}},"_links":{"self":[{"href":"https:\/\/fecht-hut.de\/index.php?rest_route=\/wp\/v2\/pages\/20","targetHints":{"allow":["GET"]}}],"collection":[{"href":"https:\/\/fecht-hut.de\/index.php?rest_route=\/wp\/v2\/pages"}],"about":[{"href":"https:\/\/fecht-hut.de\/index.php?rest_route=\/wp\/v2\/types\/page"}],"author":[{"embeddable":true,"href":"https:\/\/fecht-hut.de\/index.php?rest_route=\/wp\/v2\/users\/1"}],"replies":[{"embeddable":true,"href":"https:\/\/fecht-hut.de\/index.php?rest_route=%2Fwp%2Fv2%2Fcomments&post=20"}],"version-history":[{"count":21,"href":"https:\/\/fecht-hut.de\/index.php?rest_route=\/wp\/v2\/pages\/20\/revisions"}],"predecessor-version":[{"id":1328,"href":"https:\/\/fecht-hut.de\/index.php?rest_route=\/wp\/v2\/pages\/20\/revisions\/1328"}],"wp:attachment":[{"href":"https:\/\/fecht-hut.de\/index.php?rest_route=%2Fwp%2Fv2%2Fmedia&parent=20"}],"curies":[{"name":"wp","href":"https:\/\/api.w.org\/{rel}","templated":true}]}}