{"id":17,"date":"2021-12-01T13:12:18","date_gmt":"2021-12-01T13:12:18","guid":{"rendered":"https:\/\/fecht-hut.de\/wordpress\/?page_id=17"},"modified":"2025-09-10T20:38:53","modified_gmt":"2025-09-10T20:38:53","slug":"langes-messer","status":"publish","type":"page","link":"https:\/\/fecht-hut.de\/?page_id=17","title":{"rendered":"Langes Messer"},"content":{"rendered":"\n<p class=\"has-luminous-vivid-amber-color has-text-color has-medium-font-size\"><mark style=\"background-color:rgba(0, 0, 0, 0)\" class=\"has-inline-color has-luminous-vivid-amber-color\">Das lange Messer ist eine Fechtwaffe, kein zu lang geratenes K\u00fcchenmesser. <\/mark><br><mark style=\"background-color:rgba(0, 0, 0, 0)\" class=\"has-inline-color has-luminous-vivid-amber-color\">Es wurde fr\u00fcher auch nicht zum Melonen zerhacken oder Tatamimatten zerschneiden benutzt. <\/mark><br><mark style=\"background-color:rgba(0, 0, 0, 0)\" class=\"has-inline-color has-luminous-vivid-amber-color\">  <br>70 cm Klinge oder mehr konnte es haben und gilt aber als Messer und nicht als Schwert.<br>Warum dem so war, dar\u00fcber streiten sich die K\u00f6pfe. <\/mark><br><br><mark style=\"background-color:rgba(0, 0, 0, 0)\" class=\"has-inline-color has-luminous-vivid-amber-color\">Jedenfalls wurde das b\u00fcrgerliche\u00a0 lange Messer im 15. Jahrhundert ein ernster Gegner f\u00fcr das Schwert des Adels. <\/mark><br><mark style=\"background-color:rgba(0, 0, 0, 0)\" class=\"has-inline-color has-luminous-vivid-amber-color\">Dabei war es meistens k\u00fcrzer als das lange Schwert. <\/mark>&#8211;> <a href=\"https:\/\/fecht-hut.de\/?page_id=16\" target=\"_blank\" rel=\"noreferrer noopener\"><img loading=\"lazy\" decoding=\"async\" width=\"150\" height=\"53\" class=\"wp-image-456\" style=\"width: 150px;\" src=\"https:\/\/fecht-hut.de\/wordpress\/wp-content\/uploads\/2022\/09\/fecht-hut_web_header6.jpg\" alt=\"Ochs oder Zwirch\" srcset=\"https:\/\/fecht-hut.de\/wordpress\/wp-content\/uploads\/2022\/09\/fecht-hut_web_header6.jpg 850w, https:\/\/fecht-hut.de\/wordpress\/wp-content\/uploads\/2022\/09\/fecht-hut_web_header6-300x106.jpg 300w, https:\/\/fecht-hut.de\/wordpress\/wp-content\/uploads\/2022\/09\/fecht-hut_web_header6-768x271.jpg 768w\" sizes=\"auto, (max-width: 150px) 100vw, 150px\" \/><\/a> <br><mark style=\"background-color:rgba(0, 0, 0, 0)\" class=\"has-inline-color has-luminous-vivid-amber-color\">Es besa\u00df auch nur eine lange Schneide. <\/mark><br><mark style=\"background-color:rgba(0, 0, 0, 0)\" class=\"has-inline-color has-luminous-vivid-amber-color\">Daf\u00fcr hatte es einen zus\u00e4tzlichen R\u00fcstring- oder Wehrnagel. <\/mark><br><mark style=\"background-color:rgba(0, 0, 0, 0)\" class=\"has-inline-color has-luminous-vivid-amber-color\">Das Messer hatte sogar einen Meisterhau mehr als das lange Schwert. <\/mark><br>Daf\u00fcr <mark style=\"background-color:rgba(0, 0, 0, 0)\" class=\"has-inline-color has-luminous-vivid-amber-color\">hatte es ganz eigene Tricks, die dem Schwertfechter den Tag vermiesen konnten. <\/mark><br><mark style=\"background-color:rgba(0, 0, 0, 0)\" class=\"has-inline-color has-luminous-vivid-amber-color\">Vor allem kann man es auch mit einer Hand allein f\u00fchren. <br>Die zweite Hand kommt dann im Notfall an den langen Griff oder in die halbe Klinge. <\/mark> <br><br><img loading=\"lazy\" decoding=\"async\" width=\"350\" height=\"347\" class=\"wp-image-74\" style=\"width: 350px;\" src=\"http:\/\/fecht-hut.de\/wordpress\/wp-content\/uploads\/2021\/12\/IMG_1886-scaled.jpg\" alt=\"\" srcset=\"https:\/\/fecht-hut.de\/wordpress\/wp-content\/uploads\/2021\/12\/IMG_1886-scaled.jpg 2560w, https:\/\/fecht-hut.de\/wordpress\/wp-content\/uploads\/2021\/12\/IMG_1886-300x297.jpg 300w, https:\/\/fecht-hut.de\/wordpress\/wp-content\/uploads\/2021\/12\/IMG_1886-1024x1014.jpg 1024w, https:\/\/fecht-hut.de\/wordpress\/wp-content\/uploads\/2021\/12\/IMG_1886-150x150.jpg 150w, https:\/\/fecht-hut.de\/wordpress\/wp-content\/uploads\/2021\/12\/IMG_1886-768x761.jpg 768w, https:\/\/fecht-hut.de\/wordpress\/wp-content\/uploads\/2021\/12\/IMG_1886-1536x1522.jpg 1536w, https:\/\/fecht-hut.de\/wordpress\/wp-content\/uploads\/2021\/12\/IMG_1886-2048x2029.jpg 2048w\" sizes=\"auto, (max-width: 350px) 100vw, 350px\" \/> <br><br>Und bei diesen engen Aktionen beweisst es dann, wie gut es die Sonne zeigen oder in den Ringkampf gehen kann.<\/p>\n\n\n\n<p><\/p>\n\n\n\n<p class=\"has-medium-font-size\"><mark style=\"background-color:rgba(0, 0, 0, 0)\" class=\"has-inline-color has-luminous-vivid-amber-color\"><strong>Woher stammt das Wissen \u00fcbers lange Messer?<\/strong> <\/mark><br><br><mark style=\"background-color:rgba(0, 0, 0, 0)\" class=\"has-inline-color has-luminous-vivid-amber-color\">Von Meistern wie Paulus Kal und Peter Falkner die auch Kapitel \u00fcber diese Waffe schrieben. <br>Aber dieser Pfarrer <strong>Johannes Leck\u00fcchner<\/strong> hat ein ganzes Buch \u00fcbers lange Messer geschrieben. <\/mark><br><mark style=\"background-color:rgba(0, 0, 0, 0)\" class=\"has-inline-color has-luminous-vivid-amber-color\">Ein richtig dickes Buch, mit ganz vielen Techniken. <\/mark><br><mark style=\"background-color:rgba(0, 0, 0, 0)\" class=\"has-inline-color has-luminous-vivid-amber-color\">Also unterrichtet Fecht-Hut aus diesem Buch heraus.  <br><\/mark><br><mark style=\"background-color:rgba(0, 0, 0, 0)\" class=\"has-inline-color has-luminous-vivid-amber-color\">Und dieses lange Messer bringt noch zwei weitere \u00dcberraschungen mit: <br>Der K\u00fcnstler <strong>Albrecht D\u00fcrer<\/strong> f\u00fcgt in seinem Fechtbuch nochmal eine unerwartete Waffenkombination bei. <\/mark><br><br><img loading=\"lazy\" decoding=\"async\" width=\"250\" height=\"167\" class=\"wp-image-72\" style=\"width: 250px;\" src=\"http:\/\/fecht-hut.de\/wordpress\/wp-content\/uploads\/2021\/12\/IMG_2067-scaled.jpg\" alt=\"\" srcset=\"https:\/\/fecht-hut.de\/wordpress\/wp-content\/uploads\/2021\/12\/IMG_2067-scaled.jpg 2560w, https:\/\/fecht-hut.de\/wordpress\/wp-content\/uploads\/2021\/12\/IMG_2067-300x200.jpg 300w, https:\/\/fecht-hut.de\/wordpress\/wp-content\/uploads\/2021\/12\/IMG_2067-1024x683.jpg 1024w, https:\/\/fecht-hut.de\/wordpress\/wp-content\/uploads\/2021\/12\/IMG_2067-768x512.jpg 768w, https:\/\/fecht-hut.de\/wordpress\/wp-content\/uploads\/2021\/12\/IMG_2067-1536x1024.jpg 1536w, https:\/\/fecht-hut.de\/wordpress\/wp-content\/uploads\/2021\/12\/IMG_2067-2048x1365.jpg 2048w\" sizes=\"auto, (max-width: 250px) 100vw, 250px\" \/><mark style=\"background-color:rgba(0, 0, 0, 0)\" class=\"has-inline-color has-luminous-vivid-amber-color\">  <\/mark><br><br><mark style=\"background-color:rgba(0, 0, 0, 0)\" class=\"has-inline-color has-luminous-vivid-amber-color\">Sein langes Messer bekommt noch den-&gt; <a href=\"https:\/\/fecht-hut.de\/?page_id=15\" target=\"_blank\" rel=\"noreferrer noopener\">Scheibendolch<\/a> als <strong>Zweitwaffe<\/strong> dazu. <\/mark><br><br><img loading=\"lazy\" decoding=\"async\" width=\"250\" height=\"167\" class=\"wp-image-73\" style=\"width: 250px;\" src=\"http:\/\/fecht-hut.de\/wordpress\/wp-content\/uploads\/2021\/12\/IMG_1851-scaled.jpg\" alt=\"\" srcset=\"https:\/\/fecht-hut.de\/wordpress\/wp-content\/uploads\/2021\/12\/IMG_1851-scaled.jpg 2560w, https:\/\/fecht-hut.de\/wordpress\/wp-content\/uploads\/2021\/12\/IMG_1851-300x200.jpg 300w, https:\/\/fecht-hut.de\/wordpress\/wp-content\/uploads\/2021\/12\/IMG_1851-1024x683.jpg 1024w, https:\/\/fecht-hut.de\/wordpress\/wp-content\/uploads\/2021\/12\/IMG_1851-768x512.jpg 768w, https:\/\/fecht-hut.de\/wordpress\/wp-content\/uploads\/2021\/12\/IMG_1851-1536x1024.jpg 1536w, https:\/\/fecht-hut.de\/wordpress\/wp-content\/uploads\/2021\/12\/IMG_1851-2048x1365.jpg 2048w\" sizes=\"auto, (max-width: 250px) 100vw, 250px\" \/><mark style=\"background-color:rgba(0, 0, 0, 0)\" class=\"has-inline-color has-luminous-vivid-amber-color\">  <\/mark><br><br><mark style=\"background-color:rgba(0, 0, 0, 0)\" class=\"has-inline-color has-luminous-vivid-amber-color\">Eine Kampfweise, die wahrscheinlich zu den N\u00fcrnberger Fechtern geh\u00f6rte und bei Fecht-Hut seit Jahren als Doppelbewaffnung mitficht.  <\/mark><br><br><mark style=\"background-color:rgba(0, 0, 0, 0)\" class=\"has-inline-color has-luminous-vivid-amber-color\">Der <strong>ungrische Schild<\/strong> , ein Stechschild kommt als Zweit\u00fcberraschng, pardon, Zweitwaffe dazu. <\/mark><br><mark style=\"background-color:rgba(0, 0, 0, 0)\" class=\"has-inline-color has-luminous-vivid-amber-color\">Dieser Schild erinnert an eine Art Armschiene, bei dem vorne ein Dorn oder eine Klinge herausragt. Dadurch wird das Fechten und \u00dcben nochmal anders. <\/mark><br><br><mark style=\"background-color:rgba(0, 0, 0, 0)\" class=\"has-inline-color has-luminous-vivid-amber-color\">Es gibt dazu auch ein paar schneidende Seiten mehr:<\/mark><br><br><br> <img loading=\"lazy\" decoding=\"async\" width=\"150\" height=\"225\" class=\"wp-image-838\" style=\"width: 150px;\" src=\"https:\/\/fecht-hut.de\/wordpress\/wp-content\/uploads\/2023\/04\/langes-Messer-System-der-Klingen-8.jpg\" alt=\"\" srcset=\"https:\/\/fecht-hut.de\/wordpress\/wp-content\/uploads\/2023\/04\/langes-Messer-System-der-Klingen-8.jpg 333w, https:\/\/fecht-hut.de\/wordpress\/wp-content\/uploads\/2023\/04\/langes-Messer-System-der-Klingen-8-200x300.jpg 200w\" sizes=\"auto, (max-width: 150px) 100vw, 150px\" \/> <img loading=\"lazy\" decoding=\"async\" width=\"150\" height=\"225\" class=\"wp-image-840\" style=\"width: 150px;\" src=\"https:\/\/fecht-hut.de\/wordpress\/wp-content\/uploads\/2023\/04\/langes-messer-nach-Leckuechner.jpg\" alt=\"\" srcset=\"https:\/\/fecht-hut.de\/wordpress\/wp-content\/uploads\/2023\/04\/langes-messer-nach-Leckuechner.jpg 333w, https:\/\/fecht-hut.de\/wordpress\/wp-content\/uploads\/2023\/04\/langes-messer-nach-Leckuechner-200x300.jpg 200w\" sizes=\"auto, (max-width: 150px) 100vw, 150px\" \/> <img loading=\"lazy\" decoding=\"async\" width=\"150\" height=\"225\" class=\"wp-image-841\" style=\"width: 150px;\" src=\"https:\/\/fecht-hut.de\/wordpress\/wp-content\/uploads\/2023\/04\/langes-Messer-und-Dolch.jpg\" alt=\"\" srcset=\"https:\/\/fecht-hut.de\/wordpress\/wp-content\/uploads\/2023\/04\/langes-Messer-und-Dolch.jpg 333w, https:\/\/fecht-hut.de\/wordpress\/wp-content\/uploads\/2023\/04\/langes-Messer-und-Dolch-200x300.jpg 200w\" sizes=\"auto, (max-width: 150px) 100vw, 150px\" \/> <img loading=\"lazy\" decoding=\"async\" width=\"150\" height=\"225\" class=\"wp-image-842\" style=\"width: 150px;\" src=\"https:\/\/fecht-hut.de\/wordpress\/wp-content\/uploads\/2023\/04\/ungrischer-Schild.jpg\" alt=\"der ungrische Scjhild  und seine Techniken im Buch von Ingo Litschka\" srcset=\"https:\/\/fecht-hut.de\/wordpress\/wp-content\/uploads\/2023\/04\/ungrischer-Schild.jpg 333w, https:\/\/fecht-hut.de\/wordpress\/wp-content\/uploads\/2023\/04\/ungrischer-Schild-200x300.jpg 200w\" sizes=\"auto, (max-width: 150px) 100vw, 150px\" \/><\/p>\n","protected":false},"excerpt":{"rendered":"<p>Das lange Messer ist eine Fechtwaffe, kein zu lang geratenes K\u00fcchenmesser. Es wurde fr\u00fcher auch nicht zum Melonen zerhacken oder Tatamimatten zerschneiden benutzt. 70 cm Klinge oder mehr konnte es haben und gilt aber als Messer und nicht als Schwert.Warum dem so war, dar\u00fcber streiten sich die K\u00f6pfe. Jedenfalls wurde das b\u00fcrgerliche\u00a0 lange Messer im&#8230; <\/p>\n<div class=\"read-more navbutton\"><a href=\"https:\/\/fecht-hut.de\/?page_id=17\">Read More<i class=\"fa fa-angle-double-right\"><\/i><\/a><\/div>\n","protected":false},"author":1,"featured_media":0,"parent":0,"menu_order":0,"comment_status":"closed","ping_status":"closed","template":"","meta":{"footnotes":""},"class_list":["post-17","page","type-page","status-publish","hentry"],"yoast_head":"<!-- This site is optimized with the Yoast SEO plugin v27.6 - https:\/\/yoast.com\/product\/yoast-seo-wordpress\/ -->\n<title>Das lange Messer ist eine Fechtwaffe Langes Messer - Fecht-Hut<\/title>\n<meta name=\"description\" content=\"Das lange Messer ist eine Fechtwaffe , die man bei Fecht-Hut nach Johannes Leck\u00fcchner mit seinen vielen Techniken lernen kann.\" \/>\n<meta name=\"robots\" content=\"index, follow, max-snippet:-1, max-image-preview:large, max-video-preview:-1\" \/>\n<link rel=\"canonical\" href=\"https:\/\/fecht-hut.de\/?page_id=17\" \/>\n<meta property=\"og:locale\" content=\"de_DE\" \/>\n<meta property=\"og:type\" content=\"article\" \/>\n<meta property=\"og:title\" content=\"Das lange Messer ist eine Fechtwaffe Langes Messer - Fecht-Hut\" \/>\n<meta property=\"og:description\" content=\"Das lange Messer ist eine Fechtwaffe , die man bei Fecht-Hut nach Johannes Leck\u00fcchner mit seinen vielen Techniken lernen kann.\" \/>\n<meta property=\"og:url\" content=\"https:\/\/fecht-hut.de\/?page_id=17\" \/>\n<meta property=\"og:site_name\" content=\"Fecht-Hut\" \/>\n<meta property=\"article:modified_time\" content=\"2025-09-10T20:38:53+00:00\" \/>\n<meta property=\"og:image\" content=\"https:\/\/fecht-hut.de\/wordpress\/wp-content\/uploads\/2022\/09\/fecht-hut_web_header6.jpg\" \/>\n\t<meta property=\"og:image:width\" content=\"850\" \/>\n\t<meta property=\"og:image:height\" content=\"300\" \/>\n\t<meta property=\"og:image:type\" content=\"image\/jpeg\" \/>\n<meta name=\"twitter:card\" content=\"summary_large_image\" \/>\n<meta name=\"twitter:label1\" content=\"Gesch\u00e4tzte Lesezeit\" \/>\n\t<meta name=\"twitter:data1\" content=\"4\u00a0Minuten\" \/>\n<script type=\"application\/ld+json\" class=\"yoast-schema-graph\">{\"@context\":\"https:\\\/\\\/schema.org\",\"@graph\":[{\"@type\":\"WebPage\",\"@id\":\"https:\\\/\\\/fecht-hut.de\\\/?page_id=17\",\"url\":\"https:\\\/\\\/fecht-hut.de\\\/?page_id=17\",\"name\":\"Das lange Messer ist eine Fechtwaffe Langes Messer - Fecht-Hut\",\"isPartOf\":{\"@id\":\"https:\\\/\\\/fecht-hut.de\\\/#website\"},\"primaryImageOfPage\":{\"@id\":\"https:\\\/\\\/fecht-hut.de\\\/?page_id=17#primaryimage\"},\"image\":{\"@id\":\"https:\\\/\\\/fecht-hut.de\\\/?page_id=17#primaryimage\"},\"thumbnailUrl\":\"https:\\\/\\\/fecht-hut.de\\\/wordpress\\\/wp-content\\\/uploads\\\/2022\\\/09\\\/fecht-hut_web_header6.jpg\",\"datePublished\":\"2021-12-01T13:12:18+00:00\",\"dateModified\":\"2025-09-10T20:38:53+00:00\",\"description\":\"Das lange Messer ist eine Fechtwaffe , die man bei Fecht-Hut nach Johannes Leck\u00fcchner mit seinen vielen Techniken lernen kann.\",\"breadcrumb\":{\"@id\":\"https:\\\/\\\/fecht-hut.de\\\/?page_id=17#breadcrumb\"},\"inLanguage\":\"de\",\"potentialAction\":[{\"@type\":\"ReadAction\",\"target\":[\"https:\\\/\\\/fecht-hut.de\\\/?page_id=17\"]}]},{\"@type\":\"ImageObject\",\"inLanguage\":\"de\",\"@id\":\"https:\\\/\\\/fecht-hut.de\\\/?page_id=17#primaryimage\",\"url\":\"https:\\\/\\\/fecht-hut.de\\\/wordpress\\\/wp-content\\\/uploads\\\/2022\\\/09\\\/fecht-hut_web_header6.jpg\",\"contentUrl\":\"https:\\\/\\\/fecht-hut.de\\\/wordpress\\\/wp-content\\\/uploads\\\/2022\\\/09\\\/fecht-hut_web_header6.jpg\",\"width\":850,\"height\":300,\"caption\":\"Ochs oder Zwirch\"},{\"@type\":\"BreadcrumbList\",\"@id\":\"https:\\\/\\\/fecht-hut.de\\\/?page_id=17#breadcrumb\",\"itemListElement\":[{\"@type\":\"ListItem\",\"position\":1,\"name\":\"Startseite\",\"item\":\"https:\\\/\\\/fecht-hut.de\\\/\"},{\"@type\":\"ListItem\",\"position\":2,\"name\":\"Langes Messer\"}]},{\"@type\":\"WebSite\",\"@id\":\"https:\\\/\\\/fecht-hut.de\\\/#website\",\"url\":\"https:\\\/\\\/fecht-hut.de\\\/\",\"name\":\"Fecht-Hut\",\"description\":\"\",\"potentialAction\":[{\"@type\":\"SearchAction\",\"target\":{\"@type\":\"EntryPoint\",\"urlTemplate\":\"https:\\\/\\\/fecht-hut.de\\\/?s={search_term_string}\"},\"query-input\":{\"@type\":\"PropertyValueSpecification\",\"valueRequired\":true,\"valueName\":\"search_term_string\"}}],\"inLanguage\":\"de\"}]}<\/script>\n<!-- \/ Yoast SEO plugin. -->","yoast_head_json":{"title":"Das lange Messer ist eine Fechtwaffe Langes Messer - Fecht-Hut","description":"Das lange Messer ist eine Fechtwaffe , die man bei Fecht-Hut nach Johannes Leck\u00fcchner mit seinen vielen Techniken lernen kann.","robots":{"index":"index","follow":"follow","max-snippet":"max-snippet:-1","max-image-preview":"max-image-preview:large","max-video-preview":"max-video-preview:-1"},"canonical":"https:\/\/fecht-hut.de\/?page_id=17","og_locale":"de_DE","og_type":"article","og_title":"Das lange Messer ist eine Fechtwaffe Langes Messer - Fecht-Hut","og_description":"Das lange Messer ist eine Fechtwaffe , die man bei Fecht-Hut nach Johannes Leck\u00fcchner mit seinen vielen Techniken lernen kann.","og_url":"https:\/\/fecht-hut.de\/?page_id=17","og_site_name":"Fecht-Hut","article_modified_time":"2025-09-10T20:38:53+00:00","og_image":[{"width":850,"height":300,"url":"https:\/\/fecht-hut.de\/wordpress\/wp-content\/uploads\/2022\/09\/fecht-hut_web_header6.jpg","type":"image\/jpeg"}],"twitter_card":"summary_large_image","twitter_misc":{"Gesch\u00e4tzte Lesezeit":"4\u00a0Minuten"},"schema":{"@context":"https:\/\/schema.org","@graph":[{"@type":"WebPage","@id":"https:\/\/fecht-hut.de\/?page_id=17","url":"https:\/\/fecht-hut.de\/?page_id=17","name":"Das lange Messer ist eine Fechtwaffe Langes Messer - Fecht-Hut","isPartOf":{"@id":"https:\/\/fecht-hut.de\/#website"},"primaryImageOfPage":{"@id":"https:\/\/fecht-hut.de\/?page_id=17#primaryimage"},"image":{"@id":"https:\/\/fecht-hut.de\/?page_id=17#primaryimage"},"thumbnailUrl":"https:\/\/fecht-hut.de\/wordpress\/wp-content\/uploads\/2022\/09\/fecht-hut_web_header6.jpg","datePublished":"2021-12-01T13:12:18+00:00","dateModified":"2025-09-10T20:38:53+00:00","description":"Das lange Messer ist eine Fechtwaffe , die man bei Fecht-Hut nach Johannes Leck\u00fcchner mit seinen vielen Techniken lernen kann.","breadcrumb":{"@id":"https:\/\/fecht-hut.de\/?page_id=17#breadcrumb"},"inLanguage":"de","potentialAction":[{"@type":"ReadAction","target":["https:\/\/fecht-hut.de\/?page_id=17"]}]},{"@type":"ImageObject","inLanguage":"de","@id":"https:\/\/fecht-hut.de\/?page_id=17#primaryimage","url":"https:\/\/fecht-hut.de\/wordpress\/wp-content\/uploads\/2022\/09\/fecht-hut_web_header6.jpg","contentUrl":"https:\/\/fecht-hut.de\/wordpress\/wp-content\/uploads\/2022\/09\/fecht-hut_web_header6.jpg","width":850,"height":300,"caption":"Ochs oder Zwirch"},{"@type":"BreadcrumbList","@id":"https:\/\/fecht-hut.de\/?page_id=17#breadcrumb","itemListElement":[{"@type":"ListItem","position":1,"name":"Startseite","item":"https:\/\/fecht-hut.de\/"},{"@type":"ListItem","position":2,"name":"Langes Messer"}]},{"@type":"WebSite","@id":"https:\/\/fecht-hut.de\/#website","url":"https:\/\/fecht-hut.de\/","name":"Fecht-Hut","description":"","potentialAction":[{"@type":"SearchAction","target":{"@type":"EntryPoint","urlTemplate":"https:\/\/fecht-hut.de\/?s={search_term_string}"},"query-input":{"@type":"PropertyValueSpecification","valueRequired":true,"valueName":"search_term_string"}}],"inLanguage":"de"}]}},"_links":{"self":[{"href":"https:\/\/fecht-hut.de\/index.php?rest_route=\/wp\/v2\/pages\/17","targetHints":{"allow":["GET"]}}],"collection":[{"href":"https:\/\/fecht-hut.de\/index.php?rest_route=\/wp\/v2\/pages"}],"about":[{"href":"https:\/\/fecht-hut.de\/index.php?rest_route=\/wp\/v2\/types\/page"}],"author":[{"embeddable":true,"href":"https:\/\/fecht-hut.de\/index.php?rest_route=\/wp\/v2\/users\/1"}],"replies":[{"embeddable":true,"href":"https:\/\/fecht-hut.de\/index.php?rest_route=%2Fwp%2Fv2%2Fcomments&post=17"}],"version-history":[{"count":22,"href":"https:\/\/fecht-hut.de\/index.php?rest_route=\/wp\/v2\/pages\/17\/revisions"}],"predecessor-version":[{"id":1343,"href":"https:\/\/fecht-hut.de\/index.php?rest_route=\/wp\/v2\/pages\/17\/revisions\/1343"}],"wp:attachment":[{"href":"https:\/\/fecht-hut.de\/index.php?rest_route=%2Fwp%2Fv2%2Fmedia&parent=17"}],"curies":[{"name":"wp","href":"https:\/\/api.w.org\/{rel}","templated":true}]}}