{"id":15,"date":"2021-12-01T13:12:18","date_gmt":"2021-12-01T13:12:18","guid":{"rendered":"https:\/\/fecht-hut.de\/wordpress\/?page_id=15"},"modified":"2025-09-06T16:36:51","modified_gmt":"2025-09-06T16:36:51","slug":"scheibendolch","status":"publish","type":"page","link":"https:\/\/fecht-hut.de\/?page_id=15","title":{"rendered":"Scheibendolch"},"content":{"rendered":"\n<p class=\"has-medium-font-size\"><mark style=\"background-color:rgba(0, 0, 0, 0)\" class=\"has-inline-color has-luminous-vivid-amber-color\">Der Scheibendolch ist kein Stechbeitel.  <\/mark><br><mark style=\"background-color:rgba(0, 0, 0, 0)\" class=\"has-inline-color has-luminous-vivid-amber-color\">Er sch\u00e4lt keine Sp\u00e4ne aus dem Holz.<\/mark><\/p>\n\n\n\n<p class=\"has-luminous-vivid-amber-color has-text-color has-medium-font-size\"><mark style=\"background-color:rgba(0, 0, 0, 0)\" class=\"has-inline-color has-luminous-vivid-amber-color\">Die zwei Scheiben begrenzten den Griff und gaben der Hand guten Halt, wenn der lange Stahldorn, des Gnadgott genannten Dolchs, ein Duell beendete. <\/mark><br><mark style=\"background-color:rgba(0, 0, 0, 0)\" class=\"has-inline-color has-luminous-vivid-amber-color\">Er wurde bei Harnischduellen gern als dritte Waffe getragen, denn war der Speer &#8222;verschossen&#8220; und das Schwert gefallen, dann kam er zum Einsatz und gab den Gnadensto\u00df. <\/mark><br><mark style=\"background-color:rgba(0, 0, 0, 0)\" class=\"has-inline-color has-luminous-vivid-amber-color\">Da sein langer Stahldorn durch die \u00d6ffnungen am Harnisch hindurch fand, war er auch in solchen K\u00e4mpfen eine effiziente Waffe. <\/mark><br><mark style=\"background-color:rgba(0, 0, 0, 0)\" class=\"has-inline-color has-luminous-vivid-amber-color\">Doch auch ohne R\u00fcstung kam er oft zum Einsatz und tat dann seine schnelle Pflicht.<\/mark><br><br><img loading=\"lazy\" decoding=\"async\" width=\"350\" height=\"263\" class=\"wp-image-83\" style=\"width: 350px;\" src=\"http:\/\/fecht-hut.de\/wordpress\/wp-content\/uploads\/2021\/12\/DSCF0866-scaled.jpg\" alt=\"\" srcset=\"https:\/\/fecht-hut.de\/wordpress\/wp-content\/uploads\/2021\/12\/DSCF0866-scaled.jpg 2560w, https:\/\/fecht-hut.de\/wordpress\/wp-content\/uploads\/2021\/12\/DSCF0866-300x225.jpg 300w, https:\/\/fecht-hut.de\/wordpress\/wp-content\/uploads\/2021\/12\/DSCF0866-1024x768.jpg 1024w, https:\/\/fecht-hut.de\/wordpress\/wp-content\/uploads\/2021\/12\/DSCF0866-768x576.jpg 768w, https:\/\/fecht-hut.de\/wordpress\/wp-content\/uploads\/2021\/12\/DSCF0866-1536x1152.jpg 1536w, https:\/\/fecht-hut.de\/wordpress\/wp-content\/uploads\/2021\/12\/DSCF0866-2048x1536.jpg 2048w\" sizes=\"auto, (max-width: 350px) 100vw, 350px\" \/> <br><br><mark style=\"background-color:rgba(0, 0, 0, 0)\" class=\"has-inline-color has-luminous-vivid-amber-color\">Das oben gezeigte Foto ist \u00fcbrigens keineswegs fiktiv. Denn einige Fechter sch\u00e4rften Ihre Dolchklinge nicht komplett durch. So kann der Scheibendolch auch ohne Panzerhandschuh \u00fcberraschend umgegriffen werden.<\/mark><br><br><img loading=\"lazy\" decoding=\"async\" width=\"350\" height=\"263\" class=\"wp-image-487\" style=\"width: 350px;\" src=\"https:\/\/fecht-hut.de\/wordpress\/wp-content\/uploads\/2022\/09\/Greifen-beim-Scheibendolch-scaled.jpg\" alt=\"\" srcset=\"https:\/\/fecht-hut.de\/wordpress\/wp-content\/uploads\/2022\/09\/Greifen-beim-Scheibendolch-scaled.jpg 2560w, https:\/\/fecht-hut.de\/wordpress\/wp-content\/uploads\/2022\/09\/Greifen-beim-Scheibendolch-300x225.jpg 300w, https:\/\/fecht-hut.de\/wordpress\/wp-content\/uploads\/2022\/09\/Greifen-beim-Scheibendolch-1024x768.jpg 1024w, https:\/\/fecht-hut.de\/wordpress\/wp-content\/uploads\/2022\/09\/Greifen-beim-Scheibendolch-768x576.jpg 768w, https:\/\/fecht-hut.de\/wordpress\/wp-content\/uploads\/2022\/09\/Greifen-beim-Scheibendolch-1536x1152.jpg 1536w, https:\/\/fecht-hut.de\/wordpress\/wp-content\/uploads\/2022\/09\/Greifen-beim-Scheibendolch-2048x1536.jpg 2048w\" sizes=\"auto, (max-width: 350px) 100vw, 350px\" \/> <br><br><mark style=\"background-color:rgba(0, 0, 0, 0)\" class=\"has-inline-color has-luminous-vivid-amber-color\">Manche kleinen Hebel oder Greifaktionen ergeben erstaunliche Effekte und kehren die Situation blitzschnell wieder zu Gunsten des Fechters um.<\/mark><br><br><img loading=\"lazy\" decoding=\"async\" width=\"350\" height=\"263\" class=\"wp-image-488\" style=\"width: 350px;\" src=\"https:\/\/fecht-hut.de\/wordpress\/wp-content\/uploads\/2022\/09\/tiefer-Stich-Scheibendolch-scaled.jpg\" alt=\"\" srcset=\"https:\/\/fecht-hut.de\/wordpress\/wp-content\/uploads\/2022\/09\/tiefer-Stich-Scheibendolch-scaled.jpg 2560w, https:\/\/fecht-hut.de\/wordpress\/wp-content\/uploads\/2022\/09\/tiefer-Stich-Scheibendolch-300x225.jpg 300w, https:\/\/fecht-hut.de\/wordpress\/wp-content\/uploads\/2022\/09\/tiefer-Stich-Scheibendolch-1024x768.jpg 1024w, https:\/\/fecht-hut.de\/wordpress\/wp-content\/uploads\/2022\/09\/tiefer-Stich-Scheibendolch-768x576.jpg 768w, https:\/\/fecht-hut.de\/wordpress\/wp-content\/uploads\/2022\/09\/tiefer-Stich-Scheibendolch-1536x1152.jpg 1536w, https:\/\/fecht-hut.de\/wordpress\/wp-content\/uploads\/2022\/09\/tiefer-Stich-Scheibendolch-2048x1536.jpg 2048w\" sizes=\"auto, (max-width: 350px) 100vw, 350px\" \/> <br><br>Der Scheibendolch ist kein Poser, der lange auf Sie wartet. Er wartet genaugenommen \u00fcberhaupt nicht. Er wendet sich und sticht so schnell zu, wie eine Natter bei\u00dft.<br><br><mark style=\"background-color:rgba(0, 0, 0, 0)\" class=\"has-inline-color has-luminous-vivid-amber-color\">Er windet sich blitzschnell ins Ringen und wurde in alten Zeiten oft auch zur Selbstverteidigung genutzt. <\/mark><br><mark style=\"background-color:rgba(0, 0, 0, 0)\" class=\"has-inline-color has-luminous-vivid-amber-color\">Gerade Fiore dei Liberi zeigt viele Techniken mit ihm. Aber auch viele Bilder, in denen er unbewaffnet einem Dolchtr\u00e4ger gegen\u00fcbertritt. <\/mark><br><mark style=\"background-color:rgba(0, 0, 0, 0)\" class=\"has-inline-color has-luminous-vivid-amber-color\">Da er seine Duelle allesamt \u00fcberlebt hat und seine Manuskripte schreiben konnte, vertrauen wir im Unterricht mal auch auf seine Techniken. <\/mark><br><mark style=\"background-color:rgba(0, 0, 0, 0)\" class=\"has-inline-color has-luminous-vivid-amber-color\">Ja und manchmal wurde er auch zur Zweitwaffe wie beim &#8212;> <a href=\"https:\/\/fecht-hut.de\/?page_id=17\" target=\"_blank\" rel=\"noreferrer noopener\">langen Messer<\/a><\/mark><br><br><mark style=\"background-color:rgba(0, 0, 0, 0)\" class=\"has-inline-color has-luminous-vivid-amber-color\">Wenn Sie noch mehr dar\u00fcber lesen wollen gibt es da auch etwas Lesestoff:<\/mark><br><br><br> <img loading=\"lazy\" decoding=\"async\" width=\"150\" height=\"225\" class=\"wp-image-861\" style=\"width: 150px;\" src=\"https:\/\/fecht-hut.de\/wordpress\/wp-content\/uploads\/2023\/04\/Dolch-System-der-Klingen-5.jpg\" alt=\"\" srcset=\"https:\/\/fecht-hut.de\/wordpress\/wp-content\/uploads\/2023\/04\/Dolch-System-der-Klingen-5.jpg 333w, https:\/\/fecht-hut.de\/wordpress\/wp-content\/uploads\/2023\/04\/Dolch-System-der-Klingen-5-200x300.jpg 200w\" sizes=\"auto, (max-width: 150px) 100vw, 150px\" \/> <img loading=\"lazy\" decoding=\"async\" width=\"150\" height=\"225\" class=\"wp-image-862\" style=\"width: 150px;\" src=\"https:\/\/fecht-hut.de\/wordpress\/wp-content\/uploads\/2023\/04\/Dolchkampf-System-der-Klingen-10.jpg\" alt=\"\" srcset=\"https:\/\/fecht-hut.de\/wordpress\/wp-content\/uploads\/2023\/04\/Dolchkampf-System-der-Klingen-10.jpg 333w, https:\/\/fecht-hut.de\/wordpress\/wp-content\/uploads\/2023\/04\/Dolchkampf-System-der-Klingen-10-200x300.jpg 200w\" sizes=\"auto, (max-width: 150px) 100vw, 150px\" \/><\/p>\n","protected":false},"excerpt":{"rendered":"<p>Der Scheibendolch ist kein Stechbeitel. Er sch\u00e4lt keine Sp\u00e4ne aus dem Holz. Die zwei Scheiben begrenzten den Griff und gaben der Hand guten Halt, wenn der lange Stahldorn, des Gnadgott genannten Dolchs, ein Duell beendete. Er wurde bei Harnischduellen gern als dritte Waffe getragen, denn war der Speer &#8222;verschossen&#8220; und das Schwert gefallen, dann kam&#8230; <\/p>\n<div class=\"read-more navbutton\"><a href=\"https:\/\/fecht-hut.de\/?page_id=15\">Read More<i class=\"fa fa-angle-double-right\"><\/i><\/a><\/div>\n","protected":false},"author":1,"featured_media":0,"parent":0,"menu_order":0,"comment_status":"closed","ping_status":"closed","template":"","meta":{"footnotes":""},"class_list":["post-15","page","type-page","status-publish","hentry"],"yoast_head":"<!-- This site is optimized with the Yoast SEO plugin v27.3 - https:\/\/yoast.com\/product\/yoast-seo-wordpress\/ -->\n<title>Der Scheibendolch ist kein Icecrusher Scheibendolch - Fecht-Hut<\/title>\n<meta name=\"description\" content=\"Der Scheibendolch mit den Techniken von Fiore dei Liberi wird im w\u00f6chentlichen Unterrichts von Fecht-Hut gezeigt und ist kein Icecrusher.\" \/>\n<meta name=\"robots\" content=\"index, follow, max-snippet:-1, max-image-preview:large, max-video-preview:-1\" \/>\n<link rel=\"canonical\" href=\"https:\/\/fecht-hut.de\/?page_id=15\" \/>\n<meta property=\"og:locale\" content=\"de_DE\" \/>\n<meta property=\"og:type\" content=\"article\" \/>\n<meta property=\"og:title\" content=\"Der Scheibendolch ist kein Icecrusher Scheibendolch - Fecht-Hut\" \/>\n<meta property=\"og:description\" content=\"Der Scheibendolch mit den Techniken von Fiore dei Liberi wird im w\u00f6chentlichen Unterrichts von Fecht-Hut gezeigt und ist kein Icecrusher.\" \/>\n<meta property=\"og:url\" content=\"https:\/\/fecht-hut.de\/?page_id=15\" \/>\n<meta property=\"og:site_name\" content=\"Fecht-Hut\" \/>\n<meta property=\"article:modified_time\" content=\"2025-09-06T16:36:51+00:00\" \/>\n<meta property=\"og:image\" content=\"https:\/\/fecht-hut.de\/wordpress\/wp-content\/uploads\/2021\/12\/DSCF0866-scaled.jpg\" \/>\n\t<meta property=\"og:image:width\" content=\"2560\" \/>\n\t<meta property=\"og:image:height\" content=\"1920\" \/>\n\t<meta property=\"og:image:type\" content=\"image\/jpeg\" \/>\n<meta name=\"twitter:card\" content=\"summary_large_image\" \/>\n<meta name=\"twitter:label1\" content=\"Gesch\u00e4tzte Lesezeit\" \/>\n\t<meta name=\"twitter:data1\" content=\"3\u00a0Minuten\" \/>\n<script type=\"application\/ld+json\" class=\"yoast-schema-graph\">{\"@context\":\"https:\\\/\\\/schema.org\",\"@graph\":[{\"@type\":\"WebPage\",\"@id\":\"https:\\\/\\\/fecht-hut.de\\\/?page_id=15\",\"url\":\"https:\\\/\\\/fecht-hut.de\\\/?page_id=15\",\"name\":\"Der Scheibendolch ist kein Icecrusher Scheibendolch - Fecht-Hut\",\"isPartOf\":{\"@id\":\"https:\\\/\\\/fecht-hut.de\\\/#website\"},\"primaryImageOfPage\":{\"@id\":\"https:\\\/\\\/fecht-hut.de\\\/?page_id=15#primaryimage\"},\"image\":{\"@id\":\"https:\\\/\\\/fecht-hut.de\\\/?page_id=15#primaryimage\"},\"thumbnailUrl\":\"http:\\\/\\\/fecht-hut.de\\\/wordpress\\\/wp-content\\\/uploads\\\/2021\\\/12\\\/DSCF0866-scaled.jpg\",\"datePublished\":\"2021-12-01T13:12:18+00:00\",\"dateModified\":\"2025-09-06T16:36:51+00:00\",\"description\":\"Der Scheibendolch mit den Techniken von Fiore dei Liberi wird im w\u00f6chentlichen Unterrichts von Fecht-Hut gezeigt und ist kein Icecrusher.\",\"breadcrumb\":{\"@id\":\"https:\\\/\\\/fecht-hut.de\\\/?page_id=15#breadcrumb\"},\"inLanguage\":\"de\",\"potentialAction\":[{\"@type\":\"ReadAction\",\"target\":[\"https:\\\/\\\/fecht-hut.de\\\/?page_id=15\"]}]},{\"@type\":\"ImageObject\",\"inLanguage\":\"de\",\"@id\":\"https:\\\/\\\/fecht-hut.de\\\/?page_id=15#primaryimage\",\"url\":\"http:\\\/\\\/fecht-hut.de\\\/wordpress\\\/wp-content\\\/uploads\\\/2021\\\/12\\\/DSCF0866-scaled.jpg\",\"contentUrl\":\"http:\\\/\\\/fecht-hut.de\\\/wordpress\\\/wp-content\\\/uploads\\\/2021\\\/12\\\/DSCF0866-scaled.jpg\"},{\"@type\":\"BreadcrumbList\",\"@id\":\"https:\\\/\\\/fecht-hut.de\\\/?page_id=15#breadcrumb\",\"itemListElement\":[{\"@type\":\"ListItem\",\"position\":1,\"name\":\"Startseite\",\"item\":\"https:\\\/\\\/fecht-hut.de\\\/\"},{\"@type\":\"ListItem\",\"position\":2,\"name\":\"Scheibendolch\"}]},{\"@type\":\"WebSite\",\"@id\":\"https:\\\/\\\/fecht-hut.de\\\/#website\",\"url\":\"https:\\\/\\\/fecht-hut.de\\\/\",\"name\":\"Fecht-Hut\",\"description\":\"\",\"potentialAction\":[{\"@type\":\"SearchAction\",\"target\":{\"@type\":\"EntryPoint\",\"urlTemplate\":\"https:\\\/\\\/fecht-hut.de\\\/?s={search_term_string}\"},\"query-input\":{\"@type\":\"PropertyValueSpecification\",\"valueRequired\":true,\"valueName\":\"search_term_string\"}}],\"inLanguage\":\"de\"}]}<\/script>\n<!-- \/ Yoast SEO plugin. -->","yoast_head_json":{"title":"Der Scheibendolch ist kein Icecrusher Scheibendolch - Fecht-Hut","description":"Der Scheibendolch mit den Techniken von Fiore dei Liberi wird im w\u00f6chentlichen Unterrichts von Fecht-Hut gezeigt und ist kein Icecrusher.","robots":{"index":"index","follow":"follow","max-snippet":"max-snippet:-1","max-image-preview":"max-image-preview:large","max-video-preview":"max-video-preview:-1"},"canonical":"https:\/\/fecht-hut.de\/?page_id=15","og_locale":"de_DE","og_type":"article","og_title":"Der Scheibendolch ist kein Icecrusher Scheibendolch - Fecht-Hut","og_description":"Der Scheibendolch mit den Techniken von Fiore dei Liberi wird im w\u00f6chentlichen Unterrichts von Fecht-Hut gezeigt und ist kein Icecrusher.","og_url":"https:\/\/fecht-hut.de\/?page_id=15","og_site_name":"Fecht-Hut","article_modified_time":"2025-09-06T16:36:51+00:00","og_image":[{"width":2560,"height":1920,"url":"https:\/\/fecht-hut.de\/wordpress\/wp-content\/uploads\/2021\/12\/DSCF0866-scaled.jpg","type":"image\/jpeg"}],"twitter_card":"summary_large_image","twitter_misc":{"Gesch\u00e4tzte Lesezeit":"3\u00a0Minuten"},"schema":{"@context":"https:\/\/schema.org","@graph":[{"@type":"WebPage","@id":"https:\/\/fecht-hut.de\/?page_id=15","url":"https:\/\/fecht-hut.de\/?page_id=15","name":"Der Scheibendolch ist kein Icecrusher Scheibendolch - Fecht-Hut","isPartOf":{"@id":"https:\/\/fecht-hut.de\/#website"},"primaryImageOfPage":{"@id":"https:\/\/fecht-hut.de\/?page_id=15#primaryimage"},"image":{"@id":"https:\/\/fecht-hut.de\/?page_id=15#primaryimage"},"thumbnailUrl":"http:\/\/fecht-hut.de\/wordpress\/wp-content\/uploads\/2021\/12\/DSCF0866-scaled.jpg","datePublished":"2021-12-01T13:12:18+00:00","dateModified":"2025-09-06T16:36:51+00:00","description":"Der Scheibendolch mit den Techniken von Fiore dei Liberi wird im w\u00f6chentlichen Unterrichts von Fecht-Hut gezeigt und ist kein Icecrusher.","breadcrumb":{"@id":"https:\/\/fecht-hut.de\/?page_id=15#breadcrumb"},"inLanguage":"de","potentialAction":[{"@type":"ReadAction","target":["https:\/\/fecht-hut.de\/?page_id=15"]}]},{"@type":"ImageObject","inLanguage":"de","@id":"https:\/\/fecht-hut.de\/?page_id=15#primaryimage","url":"http:\/\/fecht-hut.de\/wordpress\/wp-content\/uploads\/2021\/12\/DSCF0866-scaled.jpg","contentUrl":"http:\/\/fecht-hut.de\/wordpress\/wp-content\/uploads\/2021\/12\/DSCF0866-scaled.jpg"},{"@type":"BreadcrumbList","@id":"https:\/\/fecht-hut.de\/?page_id=15#breadcrumb","itemListElement":[{"@type":"ListItem","position":1,"name":"Startseite","item":"https:\/\/fecht-hut.de\/"},{"@type":"ListItem","position":2,"name":"Scheibendolch"}]},{"@type":"WebSite","@id":"https:\/\/fecht-hut.de\/#website","url":"https:\/\/fecht-hut.de\/","name":"Fecht-Hut","description":"","potentialAction":[{"@type":"SearchAction","target":{"@type":"EntryPoint","urlTemplate":"https:\/\/fecht-hut.de\/?s={search_term_string}"},"query-input":{"@type":"PropertyValueSpecification","valueRequired":true,"valueName":"search_term_string"}}],"inLanguage":"de"}]}},"_links":{"self":[{"href":"https:\/\/fecht-hut.de\/index.php?rest_route=\/wp\/v2\/pages\/15","targetHints":{"allow":["GET"]}}],"collection":[{"href":"https:\/\/fecht-hut.de\/index.php?rest_route=\/wp\/v2\/pages"}],"about":[{"href":"https:\/\/fecht-hut.de\/index.php?rest_route=\/wp\/v2\/types\/page"}],"author":[{"embeddable":true,"href":"https:\/\/fecht-hut.de\/index.php?rest_route=\/wp\/v2\/users\/1"}],"replies":[{"embeddable":true,"href":"https:\/\/fecht-hut.de\/index.php?rest_route=%2Fwp%2Fv2%2Fcomments&post=15"}],"version-history":[{"count":17,"href":"https:\/\/fecht-hut.de\/index.php?rest_route=\/wp\/v2\/pages\/15\/revisions"}],"predecessor-version":[{"id":1339,"href":"https:\/\/fecht-hut.de\/index.php?rest_route=\/wp\/v2\/pages\/15\/revisions\/1339"}],"wp:attachment":[{"href":"https:\/\/fecht-hut.de\/index.php?rest_route=%2Fwp%2Fv2%2Fmedia&parent=15"}],"curies":[{"name":"wp","href":"https:\/\/api.w.org\/{rel}","templated":true}]}}