{"id":1398,"date":"2026-03-31T16:30:26","date_gmt":"2026-03-31T16:30:26","guid":{"rendered":"https:\/\/fecht-hut.de\/?page_id=1398"},"modified":"2026-04-03T14:26:33","modified_gmt":"2026-04-03T14:26:33","slug":"kalorien","status":"publish","type":"page","link":"https:\/\/fecht-hut.de\/?page_id=1398","title":{"rendered":"Kalorien"},"content":{"rendered":"\n<p class=\"has-pale-cyan-blue-color has-text-color has-link-color has-medium-font-size wp-elements-e0603271d1478c461eeefb1bcc05c849\">Kalorien im Keller<\/p>\n\n\n\n<p class=\"has-pale-cyan-blue-color has-text-color has-link-color has-medium-font-size wp-elements-d207b19e58c9620a516f859c4ab3f8c4\"><strong>Kennst du schon die allerneuste Megalodon-Di\u00e4t?<\/strong><\/p>\n\n\n\n<p class=\"has-pale-cyan-blue-color has-text-color has-link-color has-medium-font-size wp-elements-35cc1a313429a4986813e8e6ed348dea\">Nein?<\/p>\n\n\n\n<p class=\"has-pale-cyan-blue-color has-text-color has-link-color has-medium-font-size wp-elements-1af33da8a2ad4948bb5317f8be54b59e\">Das macht nichts.<\/p>\n\n\n\n<p class=\"has-pale-cyan-blue-color has-text-color has-link-color has-medium-font-size wp-elements-ce9baaeaa215fdfac3f0b8a10b52117c\">Ich auch nicht.<\/p>\n\n\n\n<p class=\"has-pale-cyan-blue-color has-text-color has-link-color has-medium-font-size wp-elements-28e744aa32c38c0d0fce7513a1346744\">Dein K\u00f6rper will die auch nicht kennenlernen.<br>Er mag Di\u00e4ten sowieso nicht.<br>Aber Du kannst es nat\u00fcrlich immer wieder versuchen, wie ein JoJo, rauf und runter.<br>Du kannst an Tabellen verzweifeln.<br>Du kannst das Essen von b\u00f6sen Kalorien reinigen.<br>Denn genau diese Kalorien sind ganz furchtbar b\u00f6se.<\/p>\n\n\n\n<p class=\"has-pale-cyan-blue-color has-text-color has-link-color has-medium-font-size wp-elements-72ea3c7f9f3705e7befb8cd0ef8168ff\">Oder waren es doch die anderen?<\/p>\n\n\n\n<p class=\"has-pale-cyan-blue-color has-text-color has-link-color has-medium-font-size wp-elements-914f698fb3789ae30270f1c6afb66e36\">Egal<\/p>\n\n\n\n<p class=\"has-pale-cyan-blue-color has-text-color has-link-color has-medium-font-size wp-elements-3cb284bf6f968f2028008c3486e0838f\">Am Essen muss immer irgendwas b\u00f6se sein, sonst kann die Di\u00e4t Dich ja nicht qu\u00e4len.<br>Und gesund essen muss doch irgendwas mit Qual zu tun haben.<br>Vor allem hat es mit Feindbildern zu tun.<br>Die b\u00f6sen Lebensmittel sind die modernen Hexen, die es zu verbrennen gilt!<\/p>\n\n\n\n<p class=\"has-pale-cyan-blue-color has-text-color has-link-color has-medium-font-size wp-elements-7cba0cbbfd5a8f665d066f6f03d5c8a6\">Einst waren es die b\u00f6sen, Kohlenhydrate,<br>vorvorgestern die dicken Fette,<br>Vorgestern das heimt\u00fcckische Cholesterin,<br>Gestern brachte der Weizen die b\u00f6se Wampe,<br>Heute sind es wieder diese zu kurzen, fiesen Zucker, die Dir \u00fcberall auflauern, um Dich dick zu machen.<\/p>\n\n\n\n<p class=\"has-pale-cyan-blue-color has-text-color has-link-color has-medium-font-size wp-elements-dc8dc3cd352638c90299229096e77aa8\">und<\/p>\n\n\n\n<p class=\"has-pale-cyan-blue-color has-text-color has-link-color has-medium-font-size wp-elements-0efb9128d921cdc9a107d16cb4766fbc\"><strong>Mal kurz gefragt, warum wolltest Du abnehmen?<\/strong><\/p>\n\n\n\n<p class=\"has-pale-cyan-blue-color has-text-color has-link-color has-medium-font-size wp-elements-91c4022ed275c00927cacd017ec1de78\">Willst Du auf Meisterschaften gehen?<\/p>\n\n\n\n<p class=\"has-pale-cyan-blue-color has-text-color has-link-color has-medium-font-size wp-elements-2249e4b594814509fba7dcc61a56d2c9\">Nicht?<\/p>\n\n\n\n<p class=\"has-pale-cyan-blue-color has-text-color has-link-color has-medium-font-size wp-elements-f4e75884640c2ccb1e06e4c2fefdef19\">Warum willst Du dann unter 10% K\u00f6rperfett hungern?<\/p>\n\n\n\n<p class=\"has-pale-cyan-blue-color has-text-color has-link-color has-medium-font-size wp-elements-29a9da8303bf05c2ef3c7c8868889634\"><strong>Wenn Du Sport machen willst, ohne zu einem %-Wesen zu werden,<\/strong><br>gibt es einen anderen Weg.<br>Nat\u00fcrliches Essen und sinnvoll aufgebauter Sport k\u00f6nnen viel ver\u00e4ndern<br>und Du kannst dabei sogar Spa\u00df haben.<\/p>\n\n\n\n<p class=\"has-pale-cyan-blue-color has-text-color has-link-color has-medium-font-size wp-elements-a7d59a43f73b04d2ee07a9687afa4d93\">So ganz aus Versehen.<\/p>\n","protected":false},"excerpt":{"rendered":"<p>Kalorien im Keller Kennst du schon die allerneuste Megalodon-Di\u00e4t? Nein? Das macht nichts. Ich auch nicht. Dein K\u00f6rper will die auch nicht kennenlernen.Er mag Di\u00e4ten sowieso nicht.Aber Du kannst es nat\u00fcrlich immer wieder versuchen, wie ein JoJo, rauf und runter.Du kannst an Tabellen verzweifeln.Du kannst das Essen von b\u00f6sen Kalorien reinigen.Denn genau diese Kalorien sind&#8230; <\/p>\n<div class=\"read-more navbutton\"><a href=\"https:\/\/fecht-hut.de\/?page_id=1398\">Read More<i class=\"fa fa-angle-double-right\"><\/i><\/a><\/div>\n","protected":false},"author":1,"featured_media":0,"parent":1389,"menu_order":0,"comment_status":"closed","ping_status":"closed","template":"","meta":{"footnotes":""},"class_list":["post-1398","page","type-page","status-publish","hentry"],"yoast_head":"<!-- This site is optimized with the Yoast SEO plugin v27.6 - https:\/\/yoast.com\/product\/yoast-seo-wordpress\/ -->\n<title>Kalorien - Fecht-Hut<\/title>\n<meta name=\"robots\" content=\"index, follow, max-snippet:-1, max-image-preview:large, max-video-preview:-1\" \/>\n<link rel=\"canonical\" href=\"https:\/\/fecht-hut.de\/?page_id=1398\" \/>\n<meta property=\"og:locale\" content=\"de_DE\" \/>\n<meta property=\"og:type\" content=\"article\" \/>\n<meta property=\"og:title\" content=\"Kalorien - Fecht-Hut\" \/>\n<meta property=\"og:description\" content=\"Kalorien im Keller Kennst du schon die allerneuste Megalodon-Di\u00e4t? Nein? Das macht nichts. Ich auch nicht. Dein K\u00f6rper will die auch nicht kennenlernen.Er mag Di\u00e4ten sowieso nicht.Aber Du kannst es nat\u00fcrlich immer wieder versuchen, wie ein JoJo, rauf und runter.Du kannst an Tabellen verzweifeln.Du kannst das Essen von b\u00f6sen Kalorien reinigen.Denn genau diese Kalorien sind... Read More\" \/>\n<meta property=\"og:url\" content=\"https:\/\/fecht-hut.de\/?page_id=1398\" \/>\n<meta property=\"og:site_name\" content=\"Fecht-Hut\" \/>\n<meta property=\"article:modified_time\" content=\"2026-04-03T14:26:33+00:00\" \/>\n<meta name=\"twitter:card\" content=\"summary_large_image\" \/>\n<meta name=\"twitter:label1\" content=\"Gesch\u00e4tzte Lesezeit\" \/>\n\t<meta name=\"twitter:data1\" content=\"2\u00a0Minuten\" \/>\n<script type=\"application\/ld+json\" class=\"yoast-schema-graph\">{\"@context\":\"https:\\\/\\\/schema.org\",\"@graph\":[{\"@type\":\"WebPage\",\"@id\":\"https:\\\/\\\/fecht-hut.de\\\/?page_id=1398\",\"url\":\"https:\\\/\\\/fecht-hut.de\\\/?page_id=1398\",\"name\":\"Kalorien - Fecht-Hut\",\"isPartOf\":{\"@id\":\"https:\\\/\\\/fecht-hut.de\\\/#website\"},\"datePublished\":\"2026-03-31T16:30:26+00:00\",\"dateModified\":\"2026-04-03T14:26:33+00:00\",\"breadcrumb\":{\"@id\":\"https:\\\/\\\/fecht-hut.de\\\/?page_id=1398#breadcrumb\"},\"inLanguage\":\"de\",\"potentialAction\":[{\"@type\":\"ReadAction\",\"target\":[\"https:\\\/\\\/fecht-hut.de\\\/?page_id=1398\"]}]},{\"@type\":\"BreadcrumbList\",\"@id\":\"https:\\\/\\\/fecht-hut.de\\\/?page_id=1398#breadcrumb\",\"itemListElement\":[{\"@type\":\"ListItem\",\"position\":1,\"name\":\"Startseite\",\"item\":\"https:\\\/\\\/fecht-hut.de\\\/\"},{\"@type\":\"ListItem\",\"position\":2,\"name\":\"Willkommen\",\"item\":\"https:\\\/\\\/fecht-hut.de\\\/\"},{\"@type\":\"ListItem\",\"position\":3,\"name\":\"das andere Training\",\"item\":\"https:\\\/\\\/fecht-hut.de\\\/?page_id=1389\"},{\"@type\":\"ListItem\",\"position\":4,\"name\":\"Kalorien\"}]},{\"@type\":\"WebSite\",\"@id\":\"https:\\\/\\\/fecht-hut.de\\\/#website\",\"url\":\"https:\\\/\\\/fecht-hut.de\\\/\",\"name\":\"Fecht-Hut\",\"description\":\"\",\"potentialAction\":[{\"@type\":\"SearchAction\",\"target\":{\"@type\":\"EntryPoint\",\"urlTemplate\":\"https:\\\/\\\/fecht-hut.de\\\/?s={search_term_string}\"},\"query-input\":{\"@type\":\"PropertyValueSpecification\",\"valueRequired\":true,\"valueName\":\"search_term_string\"}}],\"inLanguage\":\"de\"}]}<\/script>\n<!-- \/ Yoast SEO plugin. -->","yoast_head_json":{"title":"Kalorien - Fecht-Hut","robots":{"index":"index","follow":"follow","max-snippet":"max-snippet:-1","max-image-preview":"max-image-preview:large","max-video-preview":"max-video-preview:-1"},"canonical":"https:\/\/fecht-hut.de\/?page_id=1398","og_locale":"de_DE","og_type":"article","og_title":"Kalorien - Fecht-Hut","og_description":"Kalorien im Keller Kennst du schon die allerneuste Megalodon-Di\u00e4t? Nein? Das macht nichts. Ich auch nicht. Dein K\u00f6rper will die auch nicht kennenlernen.Er mag Di\u00e4ten sowieso nicht.Aber Du kannst es nat\u00fcrlich immer wieder versuchen, wie ein JoJo, rauf und runter.Du kannst an Tabellen verzweifeln.Du kannst das Essen von b\u00f6sen Kalorien reinigen.Denn genau diese Kalorien sind... Read More","og_url":"https:\/\/fecht-hut.de\/?page_id=1398","og_site_name":"Fecht-Hut","article_modified_time":"2026-04-03T14:26:33+00:00","twitter_card":"summary_large_image","twitter_misc":{"Gesch\u00e4tzte Lesezeit":"2\u00a0Minuten"},"schema":{"@context":"https:\/\/schema.org","@graph":[{"@type":"WebPage","@id":"https:\/\/fecht-hut.de\/?page_id=1398","url":"https:\/\/fecht-hut.de\/?page_id=1398","name":"Kalorien - Fecht-Hut","isPartOf":{"@id":"https:\/\/fecht-hut.de\/#website"},"datePublished":"2026-03-31T16:30:26+00:00","dateModified":"2026-04-03T14:26:33+00:00","breadcrumb":{"@id":"https:\/\/fecht-hut.de\/?page_id=1398#breadcrumb"},"inLanguage":"de","potentialAction":[{"@type":"ReadAction","target":["https:\/\/fecht-hut.de\/?page_id=1398"]}]},{"@type":"BreadcrumbList","@id":"https:\/\/fecht-hut.de\/?page_id=1398#breadcrumb","itemListElement":[{"@type":"ListItem","position":1,"name":"Startseite","item":"https:\/\/fecht-hut.de\/"},{"@type":"ListItem","position":2,"name":"Willkommen","item":"https:\/\/fecht-hut.de\/"},{"@type":"ListItem","position":3,"name":"das andere Training","item":"https:\/\/fecht-hut.de\/?page_id=1389"},{"@type":"ListItem","position":4,"name":"Kalorien"}]},{"@type":"WebSite","@id":"https:\/\/fecht-hut.de\/#website","url":"https:\/\/fecht-hut.de\/","name":"Fecht-Hut","description":"","potentialAction":[{"@type":"SearchAction","target":{"@type":"EntryPoint","urlTemplate":"https:\/\/fecht-hut.de\/?s={search_term_string}"},"query-input":{"@type":"PropertyValueSpecification","valueRequired":true,"valueName":"search_term_string"}}],"inLanguage":"de"}]}},"_links":{"self":[{"href":"https:\/\/fecht-hut.de\/index.php?rest_route=\/wp\/v2\/pages\/1398","targetHints":{"allow":["GET"]}}],"collection":[{"href":"https:\/\/fecht-hut.de\/index.php?rest_route=\/wp\/v2\/pages"}],"about":[{"href":"https:\/\/fecht-hut.de\/index.php?rest_route=\/wp\/v2\/types\/page"}],"author":[{"embeddable":true,"href":"https:\/\/fecht-hut.de\/index.php?rest_route=\/wp\/v2\/users\/1"}],"replies":[{"embeddable":true,"href":"https:\/\/fecht-hut.de\/index.php?rest_route=%2Fwp%2Fv2%2Fcomments&post=1398"}],"version-history":[{"count":2,"href":"https:\/\/fecht-hut.de\/index.php?rest_route=\/wp\/v2\/pages\/1398\/revisions"}],"predecessor-version":[{"id":1425,"href":"https:\/\/fecht-hut.de\/index.php?rest_route=\/wp\/v2\/pages\/1398\/revisions\/1425"}],"up":[{"embeddable":true,"href":"https:\/\/fecht-hut.de\/index.php?rest_route=\/wp\/v2\/pages\/1389"}],"wp:attachment":[{"href":"https:\/\/fecht-hut.de\/index.php?rest_route=%2Fwp%2Fv2%2Fmedia&parent=1398"}],"curies":[{"name":"wp","href":"https:\/\/api.w.org\/{rel}","templated":true}]}}