{"id":1396,"date":"2026-03-31T16:30:07","date_gmt":"2026-03-31T16:30:07","guid":{"rendered":"https:\/\/fecht-hut.de\/?page_id=1396"},"modified":"2026-04-05T16:42:14","modified_gmt":"2026-04-05T16:42:14","slug":"koerpergefuehl","status":"publish","type":"page","link":"https:\/\/fecht-hut.de\/?page_id=1396","title":{"rendered":"K\u00f6rpergef\u00fchl"},"content":{"rendered":"\n<h2 class=\"wp-block-heading has-pale-cyan-blue-color has-text-color has-link-color has-medium-font-size wp-elements-f9eb566d3110b1d89ad0b5a44ae54206\"><strong>K\u00f6rpergef\u00fchl im Keller?<\/strong><\/h2>\n\n\n\n<p class=\"has-pale-cyan-blue-color has-text-color has-link-color has-medium-font-size wp-elements-04ea63e1f4d90f21e8a3741cd625d24d\">Der menschliche K\u00f6rper ist lernf\u00e4hig.<\/p>\n\n\n\n<p class=\"has-pale-cyan-blue-color has-text-color has-link-color has-medium-font-size wp-elements-a27bdfb748fe435bfd8d6b8fffc182d7\">Dein K\u00f6rper lernt die guten Gewohnheiten ebenso flei\u00dfig, wie die schlechten.<br>Das scheinfunktionale Training,<br>Das steife Sitzen im B\u00fcrostuhl,<br>Die Smartphone-Kr\u00fcmmung, das Teppichstolpern uva. mehr.<\/p>\n\n\n\n<p class=\"has-pale-cyan-blue-color has-text-color has-link-color has-medium-font-size wp-elements-dc79036a76148613341a472058c1e235\">Was immer du deinem K\u00f6rper beibringst,<\/p>\n\n\n\n<p class=\"has-pale-cyan-blue-color has-text-color has-link-color has-medium-font-size wp-elements-cda8672c8aaa4241ebe9e9cfb2dc30d3\">Er lernt es.<\/p>\n\n\n\n<p class=\"has-pale-cyan-blue-color has-text-color has-link-color has-medium-font-size wp-elements-f6a9af8dcd17ea887eb032f7e49341ff\">Auch den Schmerz, <br>die Angst <br>und die Schonhaltung nach einer Verletzung lernt er.<br><br>Ich war selbst jahrelang Schmerzpatient und wei\u00df, was f\u00fcr ein Teufelskreis das ist.<br>Einfach heldenhaft mit Gebr\u00fcll durchbrechen klappt nur im schlechten Kino.<br>Im echten Leben sind es die kleinen Schritte, die wieder ins Leben f\u00fchren.<br>Denn egal, ob Du Dich aus dem Sessel oder einem Gipsverband erheben musst.<\/p>\n\n\n\n<p class=\"has-pale-cyan-blue-color has-text-color has-link-color has-medium-font-size wp-elements-4505148e143ed8e584bc639d167df5f2\">Es braucht kleine Schritte.<\/p>\n\n\n\n<p class=\"has-pale-cyan-blue-color has-text-color has-link-color has-medium-font-size wp-elements-b0ea877d6f025626fed6d4815c4900b1\">Nur welche?<\/p>\n\n\n\n<p class=\"has-pale-cyan-blue-color has-text-color has-link-color has-medium-font-size wp-elements-e40313f74a525b98e94e1823f9cfd552\">Das kannst Du hier lernen.<\/p>\n\n\n\n<p class=\"has-pale-cyan-blue-color has-text-color has-link-color has-medium-font-size wp-elements-18ff143dc49ac4bfe88c5bee668feb30\">Ich gehe mit dir, Schritt f\u00fcr Schritt.<br>Auch wenn <br>die Schritte mal wackeln und neue Sicherheit brauchen,<br>der Weg durch ein paar T\u00e4ler f\u00fchrt.<\/p>\n\n\n\n<p class=\"has-pale-cyan-blue-color has-text-color has-link-color has-medium-font-size wp-elements-f57d581ebfc2dfbb80627dfa23290fe0\">Oder<br><br>Bist Du <strong>schon trainiert <\/strong>und willst Deine <strong>Gehirn-Muskel Verbindung verbessern?<\/strong><br><br>Willst Du Deine <strong>Schnellkraft<\/strong> <strong>f\u00fcr<\/strong> einen <strong>anderen Sport neu aufbauen<\/strong>?<br><br>Dann bekommt Dein K\u00f6rper ein Training, mit dem er das lernt.<br>Au\u00dferhalb der \u00fcblichen Muster.<br>Die \u00dcbungen werden an Dich angepasst.<\/p>\n\n\n\n<p class=\"has-pale-cyan-blue-color has-text-color has-link-color has-medium-font-size wp-elements-9b693d0651d2c37502d905e1c425d63e\">Wenn Du mehr wissen willst schreib an:<br>ingo@fecht-hut.de <\/p>\n","protected":false},"excerpt":{"rendered":"<p>K\u00f6rpergef\u00fchl im Keller? Der menschliche K\u00f6rper ist lernf\u00e4hig. Dein K\u00f6rper lernt die guten Gewohnheiten ebenso flei\u00dfig, wie die schlechten.Das scheinfunktionale Training,Das steife Sitzen im B\u00fcrostuhl,Die Smartphone-Kr\u00fcmmung, das Teppichstolpern uva. mehr. Was immer du deinem K\u00f6rper beibringst, Er lernt es. Auch den Schmerz, die Angst und die Schonhaltung nach einer Verletzung lernt er.Ich war selbst jahrelang&#8230; <\/p>\n<div class=\"read-more navbutton\"><a href=\"https:\/\/fecht-hut.de\/?page_id=1396\">Read More<i class=\"fa fa-angle-double-right\"><\/i><\/a><\/div>\n","protected":false},"author":1,"featured_media":0,"parent":1389,"menu_order":0,"comment_status":"closed","ping_status":"closed","template":"","meta":{"footnotes":""},"class_list":["post-1396","page","type-page","status-publish","hentry"],"yoast_head":"<!-- This site is optimized with the Yoast SEO plugin v27.6 - https:\/\/yoast.com\/product\/yoast-seo-wordpress\/ -->\n<title>K\u00f6rpergef\u00fchl - Fecht-Hut<\/title>\n<meta name=\"robots\" content=\"index, follow, max-snippet:-1, max-image-preview:large, max-video-preview:-1\" \/>\n<link rel=\"canonical\" href=\"https:\/\/fecht-hut.de\/?page_id=1396\" \/>\n<meta property=\"og:locale\" content=\"de_DE\" \/>\n<meta property=\"og:type\" content=\"article\" \/>\n<meta property=\"og:title\" content=\"K\u00f6rpergef\u00fchl - Fecht-Hut\" \/>\n<meta property=\"og:description\" content=\"K\u00f6rpergef\u00fchl im Keller? Der menschliche K\u00f6rper ist lernf\u00e4hig. Dein K\u00f6rper lernt die guten Gewohnheiten ebenso flei\u00dfig, wie die schlechten.Das scheinfunktionale Training,Das steife Sitzen im B\u00fcrostuhl,Die Smartphone-Kr\u00fcmmung, das Teppichstolpern uva. mehr. Was immer du deinem K\u00f6rper beibringst, Er lernt es. Auch den Schmerz, die Angst und die Schonhaltung nach einer Verletzung lernt er.Ich war selbst jahrelang... Read More\" \/>\n<meta property=\"og:url\" content=\"https:\/\/fecht-hut.de\/?page_id=1396\" \/>\n<meta property=\"og:site_name\" content=\"Fecht-Hut\" \/>\n<meta property=\"article:modified_time\" content=\"2026-04-05T16:42:14+00:00\" \/>\n<meta name=\"twitter:card\" content=\"summary_large_image\" \/>\n<meta name=\"twitter:label1\" content=\"Gesch\u00e4tzte Lesezeit\" \/>\n\t<meta name=\"twitter:data1\" content=\"2\u00a0Minuten\" \/>\n<script type=\"application\/ld+json\" class=\"yoast-schema-graph\">{\"@context\":\"https:\\\/\\\/schema.org\",\"@graph\":[{\"@type\":\"WebPage\",\"@id\":\"https:\\\/\\\/fecht-hut.de\\\/?page_id=1396\",\"url\":\"https:\\\/\\\/fecht-hut.de\\\/?page_id=1396\",\"name\":\"K\u00f6rpergef\u00fchl - Fecht-Hut\",\"isPartOf\":{\"@id\":\"https:\\\/\\\/fecht-hut.de\\\/#website\"},\"datePublished\":\"2026-03-31T16:30:07+00:00\",\"dateModified\":\"2026-04-05T16:42:14+00:00\",\"breadcrumb\":{\"@id\":\"https:\\\/\\\/fecht-hut.de\\\/?page_id=1396#breadcrumb\"},\"inLanguage\":\"de\",\"potentialAction\":[{\"@type\":\"ReadAction\",\"target\":[\"https:\\\/\\\/fecht-hut.de\\\/?page_id=1396\"]}]},{\"@type\":\"BreadcrumbList\",\"@id\":\"https:\\\/\\\/fecht-hut.de\\\/?page_id=1396#breadcrumb\",\"itemListElement\":[{\"@type\":\"ListItem\",\"position\":1,\"name\":\"Startseite\",\"item\":\"https:\\\/\\\/fecht-hut.de\\\/\"},{\"@type\":\"ListItem\",\"position\":2,\"name\":\"Willkommen\",\"item\":\"https:\\\/\\\/fecht-hut.de\\\/\"},{\"@type\":\"ListItem\",\"position\":3,\"name\":\"das andere Training\",\"item\":\"https:\\\/\\\/fecht-hut.de\\\/?page_id=1389\"},{\"@type\":\"ListItem\",\"position\":4,\"name\":\"K\u00f6rpergef\u00fchl\"}]},{\"@type\":\"WebSite\",\"@id\":\"https:\\\/\\\/fecht-hut.de\\\/#website\",\"url\":\"https:\\\/\\\/fecht-hut.de\\\/\",\"name\":\"Fecht-Hut\",\"description\":\"\",\"potentialAction\":[{\"@type\":\"SearchAction\",\"target\":{\"@type\":\"EntryPoint\",\"urlTemplate\":\"https:\\\/\\\/fecht-hut.de\\\/?s={search_term_string}\"},\"query-input\":{\"@type\":\"PropertyValueSpecification\",\"valueRequired\":true,\"valueName\":\"search_term_string\"}}],\"inLanguage\":\"de\"}]}<\/script>\n<!-- \/ Yoast SEO plugin. -->","yoast_head_json":{"title":"K\u00f6rpergef\u00fchl - Fecht-Hut","robots":{"index":"index","follow":"follow","max-snippet":"max-snippet:-1","max-image-preview":"max-image-preview:large","max-video-preview":"max-video-preview:-1"},"canonical":"https:\/\/fecht-hut.de\/?page_id=1396","og_locale":"de_DE","og_type":"article","og_title":"K\u00f6rpergef\u00fchl - Fecht-Hut","og_description":"K\u00f6rpergef\u00fchl im Keller? Der menschliche K\u00f6rper ist lernf\u00e4hig. Dein K\u00f6rper lernt die guten Gewohnheiten ebenso flei\u00dfig, wie die schlechten.Das scheinfunktionale Training,Das steife Sitzen im B\u00fcrostuhl,Die Smartphone-Kr\u00fcmmung, das Teppichstolpern uva. mehr. Was immer du deinem K\u00f6rper beibringst, Er lernt es. Auch den Schmerz, die Angst und die Schonhaltung nach einer Verletzung lernt er.Ich war selbst jahrelang... Read More","og_url":"https:\/\/fecht-hut.de\/?page_id=1396","og_site_name":"Fecht-Hut","article_modified_time":"2026-04-05T16:42:14+00:00","twitter_card":"summary_large_image","twitter_misc":{"Gesch\u00e4tzte Lesezeit":"2\u00a0Minuten"},"schema":{"@context":"https:\/\/schema.org","@graph":[{"@type":"WebPage","@id":"https:\/\/fecht-hut.de\/?page_id=1396","url":"https:\/\/fecht-hut.de\/?page_id=1396","name":"K\u00f6rpergef\u00fchl - Fecht-Hut","isPartOf":{"@id":"https:\/\/fecht-hut.de\/#website"},"datePublished":"2026-03-31T16:30:07+00:00","dateModified":"2026-04-05T16:42:14+00:00","breadcrumb":{"@id":"https:\/\/fecht-hut.de\/?page_id=1396#breadcrumb"},"inLanguage":"de","potentialAction":[{"@type":"ReadAction","target":["https:\/\/fecht-hut.de\/?page_id=1396"]}]},{"@type":"BreadcrumbList","@id":"https:\/\/fecht-hut.de\/?page_id=1396#breadcrumb","itemListElement":[{"@type":"ListItem","position":1,"name":"Startseite","item":"https:\/\/fecht-hut.de\/"},{"@type":"ListItem","position":2,"name":"Willkommen","item":"https:\/\/fecht-hut.de\/"},{"@type":"ListItem","position":3,"name":"das andere Training","item":"https:\/\/fecht-hut.de\/?page_id=1389"},{"@type":"ListItem","position":4,"name":"K\u00f6rpergef\u00fchl"}]},{"@type":"WebSite","@id":"https:\/\/fecht-hut.de\/#website","url":"https:\/\/fecht-hut.de\/","name":"Fecht-Hut","description":"","potentialAction":[{"@type":"SearchAction","target":{"@type":"EntryPoint","urlTemplate":"https:\/\/fecht-hut.de\/?s={search_term_string}"},"query-input":{"@type":"PropertyValueSpecification","valueRequired":true,"valueName":"search_term_string"}}],"inLanguage":"de"}]}},"_links":{"self":[{"href":"https:\/\/fecht-hut.de\/index.php?rest_route=\/wp\/v2\/pages\/1396","targetHints":{"allow":["GET"]}}],"collection":[{"href":"https:\/\/fecht-hut.de\/index.php?rest_route=\/wp\/v2\/pages"}],"about":[{"href":"https:\/\/fecht-hut.de\/index.php?rest_route=\/wp\/v2\/types\/page"}],"author":[{"embeddable":true,"href":"https:\/\/fecht-hut.de\/index.php?rest_route=\/wp\/v2\/users\/1"}],"replies":[{"embeddable":true,"href":"https:\/\/fecht-hut.de\/index.php?rest_route=%2Fwp%2Fv2%2Fcomments&post=1396"}],"version-history":[{"count":4,"href":"https:\/\/fecht-hut.de\/index.php?rest_route=\/wp\/v2\/pages\/1396\/revisions"}],"predecessor-version":[{"id":1454,"href":"https:\/\/fecht-hut.de\/index.php?rest_route=\/wp\/v2\/pages\/1396\/revisions\/1454"}],"up":[{"embeddable":true,"href":"https:\/\/fecht-hut.de\/index.php?rest_route=\/wp\/v2\/pages\/1389"}],"wp:attachment":[{"href":"https:\/\/fecht-hut.de\/index.php?rest_route=%2Fwp%2Fv2%2Fmedia&parent=1396"}],"curies":[{"name":"wp","href":"https:\/\/api.w.org\/{rel}","templated":true}]}}