{"id":1391,"date":"2026-03-31T16:27:16","date_gmt":"2026-03-31T16:27:16","guid":{"rendered":"https:\/\/fecht-hut.de\/?page_id=1391"},"modified":"2026-04-05T16:29:52","modified_gmt":"2026-04-05T16:29:52","slug":"training","status":"publish","type":"page","link":"https:\/\/fecht-hut.de\/?page_id=1391","title":{"rendered":"Training"},"content":{"rendered":"\n<h2 class=\"wp-block-heading has-pale-cyan-blue-color has-text-color has-link-color has-medium-font-size wp-elements-46c8a7bf5a7f90182dc9ed2aca8bf0c7\"><strong>Lust auf Vokabelwald?<\/strong><\/h2>\n\n\n\n<p class=\"has-pale-cyan-blue-color has-text-color has-link-color has-medium-font-size wp-elements-661aeb81eb2e183cdd876879a5714bff\">Longevity oder Langlebigkeit?<br>Nachhaltig oder dauerhaft?<br>Push Pull oder Schieben und ziehen?<br>Upper Lower oder oben und unten?<br>Split oder Aufteilung?<br>Performance oder Leistung?<br>Bodyweight oder K\u00f6rpergewicht\u00fcbungen?<br>Calisthenics statt Turnen?<\/p>\n\n\n\n<p class=\"has-pale-cyan-blue-color has-text-color has-link-color has-medium-font-size wp-elements-cc43d527371ae5f232c3d7f7bcf55dc3\">Du kannst diese trendigen Vokabeln alle flei\u00dfig lernen, und dann viele neue dazu erfinden.<\/p>\n\n\n\n<p class=\"has-pale-cyan-blue-color has-text-color has-link-color has-medium-font-size wp-elements-38991d731eb56d3e5299d61d46f9e894\"><strong>Oder hast Du<\/strong><\/p>\n\n\n\n<h2 class=\"wp-block-heading has-pale-cyan-blue-color has-text-color has-link-color has-medium-font-size wp-elements-9a5eeac80e0f7c522c2012b3033280cc\"><strong>Lust auf ein eigenes Training?<\/strong><\/h2>\n\n\n\n<p class=\"has-pale-cyan-blue-color has-text-color has-link-color has-medium-font-size wp-elements-96513550861ae296147c4f95b02ddb04\">Ein Training, das keinem typischen Muster folgt.<br>Das aus verschiedenen Methoden sch\u00f6pft.<br>Ein Training das sich entwickelt und immer wieder neu an Dich anpasst.<\/p>\n\n\n\n<p class=\"has-pale-cyan-blue-color has-text-color has-link-color has-medium-font-size wp-elements-033a6f8a0f68e32b118b8f5e9c01fcc9\">Und<\/p>\n\n\n\n<p class=\"has-pale-cyan-blue-color has-text-color has-link-color has-medium-font-size wp-elements-175a2ef9b8352fa2edd123be0d208bf2\">Alle Methoden, alle Trainingsarten, die ich Dir zeige, wurden erfolgreich getestet.<\/p>\n\n\n\n<p><\/p>\n\n\n\n<p class=\"has-pale-cyan-blue-color has-text-color has-link-color has-medium-font-size wp-elements-a8d27e4c33511232214381a506578377\"><strong>Warum diese Betonung auf verschiedene Methoden?<\/strong><\/p>\n\n\n\n<p class=\"has-pale-cyan-blue-color has-text-color has-link-color has-medium-font-size wp-elements-9254890f2a393c2cf0b0367dc83f901f\">Dein K\u00f6rper ist nicht homogen exakt gleich aufgebaut, wie der Deines Nachbarn.<br>Die Muskeln sind nicht bei allen Menschen gleichlang.<br>Die Muskelfaserarten sind nicht exakt gedrittelt.<br>Vor allem sind die das im selben K\u00f6rper nicht immer und \u00fcberall.<br>So haben Deine Arme mehr wei\u00dfe Fasern als rote und bei Deinen Beinen ist es eher  umgekehrt.<\/p>\n\n\n\n<p class=\"has-pale-cyan-blue-color has-text-color has-link-color has-medium-font-size wp-elements-b3c3fe8fee7dd2f0a3b44c2d66cc9c9c\">Wie soll dann eine einzige Methode in allen Bereichen zu guten Ergebnissen f\u00fchren?<\/p>\n\n\n\n<p class=\"has-pale-cyan-blue-color has-text-color has-link-color has-medium-font-size wp-elements-24c9a2bd5d483a21cffb62e74b76ac56\">Frei nach dem Motto:<br>Zerst\u00f6rung regt das Muskelwachstum an.<br>Also zerst\u00f6ren wir jetzt alle Muskeln auf gleiche Art und ganz heftig, dann gibt&#8217;s \u00fcberall ganz heftig viel Wachstum.<br>Und dann machen wir das immer \u00f6fter und \u00f6fter, dann erreichen wir<\/p>\n\n\n\n<p class=\"has-pale-cyan-blue-color has-text-color has-link-color has-medium-font-size wp-elements-1cd772f74fd4653c4f6a45a39130dc0b\">einen Kollaps.<\/p>\n\n\n\n<p class=\"has-pale-cyan-blue-color has-text-color has-link-color has-medium-font-size wp-elements-91a7355719709778083d2e74069aaeac\">Oder brauchen immer mehr pharmazeutische Unterst\u00fctzung.<\/p>\n\n\n\n<p class=\"has-pale-cyan-blue-color has-text-color has-link-color has-medium-font-size wp-elements-d3f3327d8201316a088c0a6c0ff082fb\">Warum also nicht nach dem Motto:<\/p>\n\n\n\n<p class=\"has-pale-cyan-blue-color has-text-color has-link-color has-medium-font-size wp-elements-8f2f1d6819d2e24ba241ca66f1352783\"><strong>Smarter not harder<\/strong>!?<\/p>\n\n\n\n<p class=\"has-pale-cyan-blue-color has-text-color has-link-color has-medium-font-size wp-elements-0b4538935c72b6e118196299034631c8\">Hier wird das Training \u00fcbers ganze Jahr an Dich angepasst. Selbst, wenn Du gar nicht mehr massiver, sondern reflexschneller oder einfach ges\u00fcnder werden willst, passe ich das Programm an Dich an.<br>Auf ganz nat\u00fcrliche Art und Weise. <br>Sei es nun:<br>bei mir im Kellergym,<br>bei Dir zu Hause,<br>in freier Natur,<br>in Deinem Lieblings-Gym<br>Du allein oder mit Freunden (=Kleingruppe bis 6 Personen).<\/p>\n\n\n\n<p class=\"has-pale-cyan-blue-color has-text-color has-link-color has-medium-font-size wp-elements-dd6c8747c9195b0def662a4f4e602e67\">Wir finden einen Weg.<\/p>\n\n\n\n<p class=\"has-pale-cyan-blue-color has-text-color has-link-color has-medium-font-size wp-elements-87a3f6e3714c3350732bf16de0f7bbee\">Egal wie anf\u00e4nglich oder fortgeschritten Du bist. <\/p>\n\n\n\n<p class=\"has-pale-cyan-blue-color has-text-color has-link-color has-medium-font-size wp-elements-928d38849257bfbcd059e1162ae16301\">Wenn Du einen ersten Termin oder ein paar Fragen beantwortet haben willst, schreib eine E-Mail an:<\/p>\n\n\n\n<p class=\"has-pale-cyan-blue-color has-text-color has-link-color has-medium-font-size wp-elements-3427d766e0c46efc5f8918da98e80d29\"><a href=\"mailto:ingo@fecht-hut.de\">ingo@fecht-hut.de<\/a>&nbsp;<\/p>\n\n\n\n<p class=\"has-pale-cyan-blue-color has-text-color has-link-color has-medium-font-size wp-elements-c645424ae002f2abefcec0379e93b833\"><br>Warum ich Dich ohne App teste und trainiere?<br>Weil die alles aufzeichnen und vorkauen kann, nur eines eben nicht:<br>Ein verbessertes K\u00f6rpergef\u00fchl.<br>Der st\u00e4ndige Blick auf den kleinen Bildschirm verhindert das Erlernen eines echten K\u00f6rpergef\u00fchls.<br>Also keine App.<br>Hier wird die Wahrnehmung auf Dich und Deinen K\u00f6rper gelenkt,<br>Du lebst in Deinem K\u00f6rper, bis ins Alter. <br>Die App tut das nicht.<\/p>\n\n\n\n<p class=\"has-pale-cyan-blue-color has-text-color has-link-color has-medium-font-size wp-elements-0a2a65d545b62f7d6823fb4d0d75b93c\">Au\u00dferdem ist mein Humor un-digital, das geb ich aber nicht zu.<\/p>\n","protected":false},"excerpt":{"rendered":"<p>Lust auf Vokabelwald? Longevity oder Langlebigkeit?Nachhaltig oder dauerhaft?Push Pull oder Schieben und ziehen?Upper Lower oder oben und unten?Split oder Aufteilung?Performance oder Leistung?Bodyweight oder K\u00f6rpergewicht\u00fcbungen?Calisthenics statt Turnen? Du kannst diese trendigen Vokabeln alle flei\u00dfig lernen, und dann viele neue dazu erfinden. Oder hast Du Lust auf ein eigenes Training? Ein Training, das keinem typischen Muster folgt.Das&#8230; <\/p>\n<div class=\"read-more navbutton\"><a href=\"https:\/\/fecht-hut.de\/?page_id=1391\">Read More<i class=\"fa fa-angle-double-right\"><\/i><\/a><\/div>\n","protected":false},"author":1,"featured_media":0,"parent":1389,"menu_order":0,"comment_status":"closed","ping_status":"closed","template":"","meta":{"footnotes":""},"class_list":["post-1391","page","type-page","status-publish","hentry"],"yoast_head":"<!-- This site is optimized with the Yoast SEO plugin v27.6 - https:\/\/yoast.com\/product\/yoast-seo-wordpress\/ -->\n<title>Training - Fecht-Hut<\/title>\n<meta name=\"robots\" content=\"index, follow, max-snippet:-1, max-image-preview:large, max-video-preview:-1\" \/>\n<link rel=\"canonical\" href=\"https:\/\/fecht-hut.de\/?page_id=1391\" \/>\n<meta property=\"og:locale\" content=\"de_DE\" \/>\n<meta property=\"og:type\" content=\"article\" \/>\n<meta property=\"og:title\" content=\"Training - Fecht-Hut\" \/>\n<meta property=\"og:description\" content=\"Lust auf Vokabelwald? Longevity oder Langlebigkeit?Nachhaltig oder dauerhaft?Push Pull oder Schieben und ziehen?Upper Lower oder oben und unten?Split oder Aufteilung?Performance oder Leistung?Bodyweight oder K\u00f6rpergewicht\u00fcbungen?Calisthenics statt Turnen? Du kannst diese trendigen Vokabeln alle flei\u00dfig lernen, und dann viele neue dazu erfinden. Oder hast Du Lust auf ein eigenes Training? Ein Training, das keinem typischen Muster folgt.Das... Read More\" \/>\n<meta property=\"og:url\" content=\"https:\/\/fecht-hut.de\/?page_id=1391\" \/>\n<meta property=\"og:site_name\" content=\"Fecht-Hut\" \/>\n<meta property=\"article:modified_time\" content=\"2026-04-05T16:29:52+00:00\" \/>\n<meta name=\"twitter:card\" content=\"summary_large_image\" \/>\n<meta name=\"twitter:label1\" content=\"Gesch\u00e4tzte Lesezeit\" \/>\n\t<meta name=\"twitter:data1\" content=\"3\u00a0Minuten\" \/>\n<script type=\"application\/ld+json\" class=\"yoast-schema-graph\">{\"@context\":\"https:\\\/\\\/schema.org\",\"@graph\":[{\"@type\":\"WebPage\",\"@id\":\"https:\\\/\\\/fecht-hut.de\\\/?page_id=1391\",\"url\":\"https:\\\/\\\/fecht-hut.de\\\/?page_id=1391\",\"name\":\"Training - Fecht-Hut\",\"isPartOf\":{\"@id\":\"https:\\\/\\\/fecht-hut.de\\\/#website\"},\"datePublished\":\"2026-03-31T16:27:16+00:00\",\"dateModified\":\"2026-04-05T16:29:52+00:00\",\"breadcrumb\":{\"@id\":\"https:\\\/\\\/fecht-hut.de\\\/?page_id=1391#breadcrumb\"},\"inLanguage\":\"de\",\"potentialAction\":[{\"@type\":\"ReadAction\",\"target\":[\"https:\\\/\\\/fecht-hut.de\\\/?page_id=1391\"]}]},{\"@type\":\"BreadcrumbList\",\"@id\":\"https:\\\/\\\/fecht-hut.de\\\/?page_id=1391#breadcrumb\",\"itemListElement\":[{\"@type\":\"ListItem\",\"position\":1,\"name\":\"Startseite\",\"item\":\"https:\\\/\\\/fecht-hut.de\\\/\"},{\"@type\":\"ListItem\",\"position\":2,\"name\":\"Willkommen\",\"item\":\"https:\\\/\\\/fecht-hut.de\\\/\"},{\"@type\":\"ListItem\",\"position\":3,\"name\":\"das andere Training\",\"item\":\"https:\\\/\\\/fecht-hut.de\\\/?page_id=1389\"},{\"@type\":\"ListItem\",\"position\":4,\"name\":\"Training\"}]},{\"@type\":\"WebSite\",\"@id\":\"https:\\\/\\\/fecht-hut.de\\\/#website\",\"url\":\"https:\\\/\\\/fecht-hut.de\\\/\",\"name\":\"Fecht-Hut\",\"description\":\"\",\"potentialAction\":[{\"@type\":\"SearchAction\",\"target\":{\"@type\":\"EntryPoint\",\"urlTemplate\":\"https:\\\/\\\/fecht-hut.de\\\/?s={search_term_string}\"},\"query-input\":{\"@type\":\"PropertyValueSpecification\",\"valueRequired\":true,\"valueName\":\"search_term_string\"}}],\"inLanguage\":\"de\"}]}<\/script>\n<!-- \/ Yoast SEO plugin. -->","yoast_head_json":{"title":"Training - Fecht-Hut","robots":{"index":"index","follow":"follow","max-snippet":"max-snippet:-1","max-image-preview":"max-image-preview:large","max-video-preview":"max-video-preview:-1"},"canonical":"https:\/\/fecht-hut.de\/?page_id=1391","og_locale":"de_DE","og_type":"article","og_title":"Training - Fecht-Hut","og_description":"Lust auf Vokabelwald? Longevity oder Langlebigkeit?Nachhaltig oder dauerhaft?Push Pull oder Schieben und ziehen?Upper Lower oder oben und unten?Split oder Aufteilung?Performance oder Leistung?Bodyweight oder K\u00f6rpergewicht\u00fcbungen?Calisthenics statt Turnen? Du kannst diese trendigen Vokabeln alle flei\u00dfig lernen, und dann viele neue dazu erfinden. Oder hast Du Lust auf ein eigenes Training? Ein Training, das keinem typischen Muster folgt.Das... Read More","og_url":"https:\/\/fecht-hut.de\/?page_id=1391","og_site_name":"Fecht-Hut","article_modified_time":"2026-04-05T16:29:52+00:00","twitter_card":"summary_large_image","twitter_misc":{"Gesch\u00e4tzte Lesezeit":"3\u00a0Minuten"},"schema":{"@context":"https:\/\/schema.org","@graph":[{"@type":"WebPage","@id":"https:\/\/fecht-hut.de\/?page_id=1391","url":"https:\/\/fecht-hut.de\/?page_id=1391","name":"Training - Fecht-Hut","isPartOf":{"@id":"https:\/\/fecht-hut.de\/#website"},"datePublished":"2026-03-31T16:27:16+00:00","dateModified":"2026-04-05T16:29:52+00:00","breadcrumb":{"@id":"https:\/\/fecht-hut.de\/?page_id=1391#breadcrumb"},"inLanguage":"de","potentialAction":[{"@type":"ReadAction","target":["https:\/\/fecht-hut.de\/?page_id=1391"]}]},{"@type":"BreadcrumbList","@id":"https:\/\/fecht-hut.de\/?page_id=1391#breadcrumb","itemListElement":[{"@type":"ListItem","position":1,"name":"Startseite","item":"https:\/\/fecht-hut.de\/"},{"@type":"ListItem","position":2,"name":"Willkommen","item":"https:\/\/fecht-hut.de\/"},{"@type":"ListItem","position":3,"name":"das andere Training","item":"https:\/\/fecht-hut.de\/?page_id=1389"},{"@type":"ListItem","position":4,"name":"Training"}]},{"@type":"WebSite","@id":"https:\/\/fecht-hut.de\/#website","url":"https:\/\/fecht-hut.de\/","name":"Fecht-Hut","description":"","potentialAction":[{"@type":"SearchAction","target":{"@type":"EntryPoint","urlTemplate":"https:\/\/fecht-hut.de\/?s={search_term_string}"},"query-input":{"@type":"PropertyValueSpecification","valueRequired":true,"valueName":"search_term_string"}}],"inLanguage":"de"}]}},"_links":{"self":[{"href":"https:\/\/fecht-hut.de\/index.php?rest_route=\/wp\/v2\/pages\/1391","targetHints":{"allow":["GET"]}}],"collection":[{"href":"https:\/\/fecht-hut.de\/index.php?rest_route=\/wp\/v2\/pages"}],"about":[{"href":"https:\/\/fecht-hut.de\/index.php?rest_route=\/wp\/v2\/types\/page"}],"author":[{"embeddable":true,"href":"https:\/\/fecht-hut.de\/index.php?rest_route=\/wp\/v2\/users\/1"}],"replies":[{"embeddable":true,"href":"https:\/\/fecht-hut.de\/index.php?rest_route=%2Fwp%2Fv2%2Fcomments&post=1391"}],"version-history":[{"count":9,"href":"https:\/\/fecht-hut.de\/index.php?rest_route=\/wp\/v2\/pages\/1391\/revisions"}],"predecessor-version":[{"id":1451,"href":"https:\/\/fecht-hut.de\/index.php?rest_route=\/wp\/v2\/pages\/1391\/revisions\/1451"}],"up":[{"embeddable":true,"href":"https:\/\/fecht-hut.de\/index.php?rest_route=\/wp\/v2\/pages\/1389"}],"wp:attachment":[{"href":"https:\/\/fecht-hut.de\/index.php?rest_route=%2Fwp%2Fv2%2Fmedia&parent=1391"}],"curies":[{"name":"wp","href":"https:\/\/api.w.org\/{rel}","templated":true}]}}